{"id":1771,"date":"2022-02-09T19:40:27","date_gmt":"2022-02-09T19:40:27","guid":{"rendered":"https:\/\/vinnuverndarnamskeid.is\/?page_id=1771"},"modified":"2026-04-17T09:36:07","modified_gmt":"2026-04-17T09:36:07","slug":"fallvarnir-vinna-i-haed","status":"publish","type":"page","link":"https:\/\/vinnuverndarnamskeid.is\/index.php\/fallvarnir-vinna-i-haed\/","title":{"rendered":"Fallvarnir \u2013 Vinna \u00ed h\u00e6\u00f0"},"content":{"rendered":"\t\t<div data-elementor-type=\"wp-page\" data-elementor-id=\"1771\" class=\"elementor elementor-1771\">\n\t\t\t\t\t\t<section class=\"elementor-section elementor-top-section elementor-element elementor-element-1eb5dee7 ct-section-stretched elementor-section-full_width elementor-section-height-min-height elementor-section-height-default elementor-section-items-middle\" data-id=\"1eb5dee7\" data-element_type=\"section\" data-e-type=\"section\" data-settings=\"{&quot;background_background&quot;:&quot;classic&quot;}\">\n\t\t\t\t\t\t<div class=\"elementor-container elementor-column-gap-default\">\n\t\t\t\t\t<div class=\"elementor-column elementor-col-100 elementor-top-column elementor-element elementor-element-21fcb6d1\" data-id=\"21fcb6d1\" data-element_type=\"column\" data-e-type=\"column\">\n\t\t\t<div class=\"elementor-widget-wrap elementor-element-populated\">\n\t\t\t\t\t\t<div class=\"elementor-element elementor-element-1fe4ad16 elementor-widget elementor-widget-heading\" data-id=\"1fe4ad16\" data-element_type=\"widget\" data-e-type=\"widget\" data-widget_type=\"heading.default\">\n\t\t\t\t<div class=\"elementor-widget-container\">\n\t\t\t\t\t<h1 class=\"elementor-heading-title elementor-size-default\">Fallvarnir \n<br>\nVinna \u00ed h\u00e6\u00f0<\/h1>\t\t\t\t<\/div>\n\t\t\t\t<\/div>\n\t\t\t\t\t<\/div>\n\t\t<\/div>\n\t\t\t\t\t<\/div>\n\t\t<\/section>\n\t\t\t\t<section class=\"elementor-section elementor-top-section elementor-element elementor-element-4fc67511 elementor-section-boxed elementor-section-height-default elementor-section-height-default\" data-id=\"4fc67511\" data-element_type=\"section\" data-e-type=\"section\">\n\t\t\t\t\t\t<div class=\"elementor-container elementor-column-gap-no\">\n\t\t\t\t\t<div class=\"elementor-column elementor-col-50 elementor-top-column elementor-element elementor-element-33f104f5\" data-id=\"33f104f5\" data-element_type=\"column\" data-e-type=\"column\">\n\t\t\t<div class=\"elementor-widget-wrap elementor-element-populated\">\n\t\t\t\t\t\t<div class=\"elementor-element elementor-element-60462d5 elementor-widget elementor-widget-text-editor\" data-id=\"60462d5\" data-element_type=\"widget\" data-e-type=\"widget\" data-widget_type=\"text-editor.default\">\n\t\t\t\t<div class=\"elementor-widget-container\">\n\t\t\t\t\t\t\t\t\t<p>Hva\u00f0 er vinna \u00ed h\u00e6\u00f0?\u00a0<\/p><p>Fari\u00f0 er yfir hvernig m\u00e1 vinna \u00ed h\u00e6\u00f0 \u00e1 \u00f6ruggan h\u00e1tt. \u00c1h\u00e6ttumat vi\u00f0 vinnu \u00ed h\u00e6\u00f0 \u00fearf a\u00f0 fara fram nokkru \u00e1\u00f0ur en vinnan hefst. \u00c1 n\u00e1mskei\u00f0inu er m.a. fjalla\u00f0 um handri\u00f0 og hlera, r\u00f6raverkpalla og n\u00fdlega regluger\u00f0 um \u00fe\u00e1, tr\u00e9vinnupalla, hj\u00f3lapalla, lyftiverkpalla, hengiverkpalla, sk\u00e6ralyftur og a\u00f0 lyfta f\u00f3lki me\u00f0 vinnuv\u00e9lum, t.d. spj\u00f3tum, kr\u00f6num og lyfturum. Einnig er fjalla\u00f0 um stiga, tr\u00f6ppur, fallbelti og l\u00ednur.\u00a0<\/p><p>What is covered on the course \u201eWorking in height\u201c<\/p><p>In the course, we start by discussing, What is working at height? How to work at height safely is covered. How risk assessment, when working at height, must be carried out some time before the work begins. The course includes, among other things, railings, shutters, tube and clamp scaffolding and the recent regulation of them Wooden scaffolding, mobile scaffolding, suspended platforms, mast climbing elevators for goods, mast climbing work platforms. Lifting people with heavy machinery for example, scissor lifts, forklifts, basket cranes, loader cranes and telehandlers. Ladders, steps, safety harness and lanyard are also covered.<\/p>\t\t\t\t\t\t\t\t<\/div>\n\t\t\t\t<\/div>\n\t\t\t\t\t<\/div>\n\t\t<\/div>\n\t\t\t\t<div class=\"elementor-column elementor-col-50 elementor-top-column elementor-element elementor-element-3dc59d29\" data-id=\"3dc59d29\" data-element_type=\"column\" data-e-type=\"column\">\n\t\t\t<div class=\"elementor-widget-wrap elementor-element-populated\">\n\t\t\t\t\t\t<div class=\"elementor-element elementor-element-43aa88d5 elementor-widget elementor-widget-heading\" data-id=\"43aa88d5\" data-element_type=\"widget\" data-e-type=\"widget\" data-widget_type=\"heading.default\">\n\t\t\t\t<div class=\"elementor-widget-container\">\n\t\t\t\t\t<h4 class=\"elementor-heading-title elementor-size-default\">Ver\u00f0 og uppl\u00fdsingar<\/h4>\t\t\t\t<\/div>\n\t\t\t\t<\/div>\n\t\t\t\t<div class=\"elementor-element elementor-element-2055bbe7 elementor-widget elementor-widget-text-editor\" data-id=\"2055bbe7\" data-element_type=\"widget\" data-e-type=\"widget\" data-widget_type=\"text-editor.default\">\n\t\t\t\t<div class=\"elementor-widget-container\">\n\t\t\t\t\t\t\t\t\t<p>Ver\u00f0<strong> 26.900 KR<\/strong> \u00e1 mann, gefinn er afsl\u00e1ttur fyrir h\u00f3pa.<\/p><p>N\u00e1mskei\u00f0i\u00f0 er kennt \u00ed fjarfundi gegnum Google Meet.\u00a0N\u00e1mskei\u00f0i\u00f0 er einnig til \u00ed fullu fjarn\u00e1mi, \u00fea\u00f0 er um 90 m\u00edn\u00fatur me\u00f0 \u00feremur pr\u00f3fum.<\/p><p>N\u00e1mskei\u00f0i\u00f0 byggist upp af fyrirlestrum og s\u00fdndur er fj\u00f6ldi mynda af raunverulegum a\u00f0st\u00e6\u00f0um.\u00a0<\/p><p>Alcoa Fjar\u00f0a\u00e1l vi\u00f0urkennir n\u00e1mskei\u00f0i\u00f0 og notar \u00fea\u00f0 fyrir eigi\u00f0 starfsf\u00f3lk og verktaka sem vinna fyrir Fjar\u00f0a\u00e1l.<\/p><p>Flest st\u00e9ttarf\u00e9l\u00f6g, Virk, Rafmennt, I\u00f0an, Vinnum\u00e1lastofnun og \u00c1ttin veita styrki fyrir n\u00e1mskei\u00f0inu e\u00f0a hluta \u00feess.<\/p><p><strong>H\u00e6gt er a\u00f0 halda verkleg n\u00e1mskei\u00f0i\u00f0 um fallbelti og l\u00ednu fyrir einst\u00f6k fyrirt\u00e6ki eftir n\u00e1nara samkomulagi. Hafi\u00f0 samband vi\u00f0 Eggert s\u00edma 897-1179<\/strong><\/p><p>N\u00e6stu n\u00e1mskei\u00f0 ver\u00f0a haldin:<\/p><ul><li>15.06.2026 klukkan 13:00 til 15:30<\/li><\/ul>\t\t\t\t\t\t\t\t<\/div>\n\t\t\t\t<\/div>\n\t\t\t\t<div class=\"elementor-element elementor-element-9d21a3c elementor-mobile-align-justify elementor-align-justify elementor-widget elementor-widget-button\" data-id=\"9d21a3c\" data-element_type=\"widget\" data-e-type=\"widget\" data-widget_type=\"button.default\">\n\t\t\t\t<div class=\"elementor-widget-container\">\n\t\t\t\t\t\t\t\t\t<div class=\"elementor-button-wrapper\">\n\t\t\t\t\t<a class=\"elementor-button elementor-button-link elementor-size-sm\" href=\"https:\/\/vinnuverndarnamskeid.is\/index.php\/skraning\/\">\n\t\t\t\t\t\t<span class=\"elementor-button-content-wrapper\">\n\t\t\t\t\t\t\t\t\t<span class=\"elementor-button-text\">Skr\u00e1ning<\/span>\n\t\t\t\t\t<\/span>\n\t\t\t\t\t<\/a>\n\t\t\t\t<\/div>\n\t\t\t\t\t\t\t\t<\/div>\n\t\t\t\t<\/div>\n\t\t\t\t\t<\/div>\n\t\t<\/div>\n\t\t\t\t\t<\/div>\n\t\t<\/section>\n\t\t\t\t<\/div>\n\t\t","protected":false},"excerpt":{"rendered":"<p>Fallvarnir Vinna \u00ed h\u00e6\u00f0 Hva\u00f0 er vinna \u00ed h\u00e6\u00f0?\u00a0 Fari\u00f0 er yfir hvernig m\u00e1 vinna \u00ed h\u00e6\u00f0 \u00e1 \u00f6ruggan h\u00e1tt. \u00c1h\u00e6ttumat vi\u00f0 vinnu \u00ed h\u00e6\u00f0 \u00fearf a\u00f0 fara fram nokkru \u00e1\u00f0ur en vinnan hefst. \u00c1 n\u00e1mskei\u00f0inu er m.a. fjalla\u00f0 um handri\u00f0 og hlera, r\u00f6raverkpalla og n\u00fdlega regluger\u00f0 um \u00fe\u00e1, tr\u00e9vinnupalla, hj\u00f3lapalla, lyftiverkpalla, hengiverkpalla, sk\u00e6ralyftur og [&hellip;]<\/p>\n","protected":false},"author":1,"featured_media":0,"parent":0,"menu_order":0,"comment_status":"closed","ping_status":"closed","template":"elementor_header_footer","meta":{"footnotes":""},"class_list":["post-1771","page","type-page","status-publish","hentry"],"blocksy_meta":{"styles_descriptor":{"styles":{"desktop":"","tablet":"","mobile":""},"google_fonts":[],"version":6}},"_links":{"self":[{"href":"https:\/\/vinnuverndarnamskeid.is\/index.php\/wp-json\/wp\/v2\/pages\/1771","targetHints":{"allow":["GET"]}}],"collection":[{"href":"https:\/\/vinnuverndarnamskeid.is\/index.php\/wp-json\/wp\/v2\/pages"}],"about":[{"href":"https:\/\/vinnuverndarnamskeid.is\/index.php\/wp-json\/wp\/v2\/types\/page"}],"author":[{"embeddable":true,"href":"https:\/\/vinnuverndarnamskeid.is\/index.php\/wp-json\/wp\/v2\/users\/1"}],"replies":[{"embeddable":true,"href":"https:\/\/vinnuverndarnamskeid.is\/index.php\/wp-json\/wp\/v2\/comments?post=1771"}],"version-history":[{"count":224,"href":"https:\/\/vinnuverndarnamskeid.is\/index.php\/wp-json\/wp\/v2\/pages\/1771\/revisions"}],"predecessor-version":[{"id":7056,"href":"https:\/\/vinnuverndarnamskeid.is\/index.php\/wp-json\/wp\/v2\/pages\/1771\/revisions\/7056"}],"wp:attachment":[{"href":"https:\/\/vinnuverndarnamskeid.is\/index.php\/wp-json\/wp\/v2\/media?parent=1771"}],"curies":[{"name":"wp","href":"https:\/\/api.w.org\/{rel}","templated":true}]}}