{"id":1890,"date":"2022-02-13T21:21:41","date_gmt":"2022-02-13T21:21:41","guid":{"rendered":"https:\/\/vinnuverndarnamskeid.is\/?page_id=1890"},"modified":"2026-03-30T15:14:16","modified_gmt":"2026-03-30T15:14:16","slug":"verkstjoranamskeid","status":"publish","type":"page","link":"https:\/\/vinnuverndarnamskeid.is\/index.php\/verkstjoranamskeid\/","title":{"rendered":"Verkstj\u00f3ran\u00e1mskei\u00f0"},"content":{"rendered":"\t\t<div data-elementor-type=\"wp-page\" data-elementor-id=\"1890\" class=\"elementor elementor-1890\">\n\t\t\t\t\t\t<section class=\"elementor-section elementor-top-section elementor-element elementor-element-7a67dd49 ct-section-stretched elementor-section-full_width elementor-section-height-min-height elementor-section-height-default elementor-section-items-middle\" data-id=\"7a67dd49\" data-element_type=\"section\" data-e-type=\"section\" data-settings=\"{&quot;background_background&quot;:&quot;classic&quot;}\">\n\t\t\t\t\t\t<div class=\"elementor-container elementor-column-gap-default\">\n\t\t\t\t\t<div class=\"elementor-column elementor-col-100 elementor-top-column elementor-element elementor-element-b34e21d\" data-id=\"b34e21d\" data-element_type=\"column\" data-e-type=\"column\">\n\t\t\t<div class=\"elementor-widget-wrap elementor-element-populated\">\n\t\t\t\t\t\t<div class=\"elementor-element elementor-element-635abeac elementor-widget elementor-widget-heading\" data-id=\"635abeac\" data-element_type=\"widget\" data-e-type=\"widget\" data-widget_type=\"heading.default\">\n\t\t\t\t<div class=\"elementor-widget-container\">\n\t\t\t\t\t<h1 class=\"elementor-heading-title elementor-size-default\">Verkstj\u00f3ran\u00e1mskei\u00f0<\/h1>\t\t\t\t<\/div>\n\t\t\t\t<\/div>\n\t\t\t\t\t<\/div>\n\t\t<\/div>\n\t\t\t\t\t<\/div>\n\t\t<\/section>\n\t\t\t\t<section class=\"elementor-section elementor-top-section elementor-element elementor-element-7de43986 elementor-section-boxed elementor-section-height-default elementor-section-height-default\" data-id=\"7de43986\" data-element_type=\"section\" data-e-type=\"section\">\n\t\t\t\t\t\t<div class=\"elementor-container elementor-column-gap-no\">\n\t\t\t\t\t<div class=\"elementor-column elementor-col-50 elementor-top-column elementor-element elementor-element-3766b1d6\" data-id=\"3766b1d6\" data-element_type=\"column\" data-e-type=\"column\">\n\t\t\t<div class=\"elementor-widget-wrap elementor-element-populated\">\n\t\t\t\t\t\t<div class=\"elementor-element elementor-element-7dbb1a24 elementor-widget elementor-widget-text-editor\" data-id=\"7dbb1a24\" data-element_type=\"widget\" data-e-type=\"widget\" data-widget_type=\"text-editor.default\">\n\t\t\t\t<div class=\"elementor-widget-container\">\n\t\t\t\t\t\t\t\t\t<div><strong><span style=\"color: #ffcc00;\">Uppl\u00fdsingar<\/span><\/strong><\/div><div><span lang=\"IS\">Hver er verkstj\u00f3ri samkv\u00e6mt vinnuverndarl\u00f6gunum? Hva\u00f0a \u00e1byrg\u00f0 og skyldur hv\u00edla \u00e1 verkstj\u00f3ra var\u00f0andi vinnuverndar- og \u00f6ryggism\u00e1l? Vinnuverndarl\u00f6gin og regluger\u00f0 um skipulag og framkv\u00e6md vinnuverndarstarfs \u00e1 vinnust\u00f6\u00f0um er kynnt. Fjalla\u00f0 ver\u00f0ur um mikilv\u00e6gi \u00feess a\u00f0 verkstj\u00f3ri s\u00e9 lei\u00f0andi \u00ed vinnuverndarstarfi og \u00f6ryggismenningu vinnusta\u00f0arins. Fari\u00f0 ver\u00f0ur yfir hva\u00f0 skiptir mestu m\u00e1li fyrir verkstj\u00f3ra a\u00f0 vita s.s. framkv\u00e6md vinnuverndarstarfs, \u00e1h\u00e6ttumat skr\u00e1ning og tilkynning vinnuslysa \u00e1samt \u00feremur stigum forvarna vegna vinnuslysa. Einnig ver\u00f0ur komi\u00f0 inn \u00e1 \u00e1byrg\u00f0 verkstj\u00f3ra \u00e1 vinnuumhverfinu almennt. A\u00f0 lokum ver\u00f0ur fjalla\u00f0 stuttlega um mikilv\u00e6gi verkstj\u00f3ra var\u00f0andi andlegt og f\u00e9lagslegt vinnuumhverfi, einelti og \u00e1reitni. <\/span><\/div><div><span lang=\"IS\">\u00a0<\/span><\/div><div><strong><span lang=\"IS\">In english<\/span><\/strong><\/div><div><p>Who is a foreman\/manager (verkstj\u00f3ri) \u00a0according to the Occupational Health and Safety Act? What responsibilities and obligations do foreman have regarding occupational health and safety issues? The Occupational Health and Safety Act and the regulation on the organization and implementation of occupational health and safety work in the workplace are introduced. The importance of the foreman being a leader in occupational health and safety work and the safety culture of the workplace will be discussed. What is most important for a foreman to know will be reviewed, such as the implementation of occupational health and safety work, risk assessment, recording and reporting of occupational accidents, and the three levels of prevention of occupational accidents. The foreman&#8217;s responsibility for the work environment in general will also be discussed. Finally, the importance of the foreman regarding the mental and social work environment, bullying and harassment will be briefly discussed.<\/p><\/div>\t\t\t\t\t\t\t\t<\/div>\n\t\t\t\t<\/div>\n\t\t\t\t\t<\/div>\n\t\t<\/div>\n\t\t\t\t<div class=\"elementor-column elementor-col-50 elementor-top-column elementor-element elementor-element-63f37866\" data-id=\"63f37866\" data-element_type=\"column\" data-e-type=\"column\">\n\t\t\t<div class=\"elementor-widget-wrap elementor-element-populated\">\n\t\t\t\t\t\t<div class=\"elementor-element elementor-element-512db40a elementor-widget elementor-widget-heading\" data-id=\"512db40a\" data-element_type=\"widget\" data-e-type=\"widget\" data-widget_type=\"heading.default\">\n\t\t\t\t<div class=\"elementor-widget-container\">\n\t\t\t\t\t<h4 class=\"elementor-heading-title elementor-size-default\">Ver\u00f0 og uppl\u00fdsingar<\/h4>\t\t\t\t<\/div>\n\t\t\t\t<\/div>\n\t\t\t\t<div class=\"elementor-element elementor-element-3dbc96ad elementor-widget elementor-widget-text-editor\" data-id=\"3dbc96ad\" data-element_type=\"widget\" data-e-type=\"widget\" data-widget_type=\"text-editor.default\">\n\t\t\t\t<div class=\"elementor-widget-container\">\n\t\t\t\t\t\t\t\t\t<p>Ver\u00f0 <strong>23.400 KR<\/strong> \u00e1 mann, gefinn er afsl\u00e1ttur fyrir h\u00f3pa.<\/p><p>N\u00e1mskei\u00f0i\u00f0 er kennt \u00ed fjarfundi gegnum Google Meet.<\/p><p>N\u00e1mskei\u00f0i\u00f0 byggist upp af fyrirlestrum og s\u00fdndur er fj\u00f6ldi mynda af raunverulegum a\u00f0st\u00e6\u00f0um.\u00a0<\/p><p>N\u00e6sta n\u00e1mskei\u00f0 ver\u00f0a haldi\u00f0:<\/p><ul><li>4. ma\u00ed 2026 fyrir verkstj\u00f3ra \u00ed matv\u00e6lai\u00f0na\u00f0i<\/li><li><p>5. ma\u00ed 2026 verkstj\u00f3ran\u00e1mskei\u00f0 almennt \u00e1 <strong>ENSKU<\/strong><\/p><\/li><li>12. okt\u00f3ber 2026 Verkstj\u00f3ran\u00e1mskei\u00f0<\/li><li>7. desember 2026 Verkstj\u00f3ran\u00e1mskei\u00f0<\/li><\/ul><p><strong>N\u00e1mskei\u00f0in byrja klukkan 13:00 og standa til 15:00<\/strong><\/p><p><strong>H\u00e6gt er a\u00f0 halda n\u00e1mskei\u00f0i\u00f0 fyrir einst\u00f6k fyrirt\u00e6ki eftir n\u00e1nara samkomulagi og a\u00f0laga \u00fea\u00f0 a\u00f0 vi\u00f0komandi starfsemi.<\/strong><\/p><p>Flest st\u00e9ttarf\u00e9l\u00f6g, Virk, Rafmennt, I\u00f0an, Vinnum\u00e1lastofnun og \u00c1ttin veita styrki fyrir n\u00e1mskei\u00f0inu e\u00f0a hluta \u00fee<\/p>\t\t\t\t\t\t\t\t<\/div>\n\t\t\t\t<\/div>\n\t\t\t\t<div class=\"elementor-element elementor-element-8186c6b elementor-mobile-align-justify elementor-align-justify elementor-widget elementor-widget-button\" data-id=\"8186c6b\" data-element_type=\"widget\" data-e-type=\"widget\" data-widget_type=\"button.default\">\n\t\t\t\t<div class=\"elementor-widget-container\">\n\t\t\t\t\t\t\t\t\t<div class=\"elementor-button-wrapper\">\n\t\t\t\t\t<a class=\"elementor-button elementor-button-link elementor-size-sm\" href=\"https:\/\/vinnuverndarnamskeid.is\/index.php\/skraning\/\">\n\t\t\t\t\t\t<span class=\"elementor-button-content-wrapper\">\n\t\t\t\t\t\t\t\t\t<span class=\"elementor-button-text\">Skr\u00e1ning<\/span>\n\t\t\t\t\t<\/span>\n\t\t\t\t\t<\/a>\n\t\t\t\t<\/div>\n\t\t\t\t\t\t\t\t<\/div>\n\t\t\t\t<\/div>\n\t\t\t\t\t<\/div>\n\t\t<\/div>\n\t\t\t\t\t<\/div>\n\t\t<\/section>\n\t\t\t\t<\/div>\n\t\t","protected":false},"excerpt":{"rendered":"<p>Verkstj\u00f3ran\u00e1mskei\u00f0 Uppl\u00fdsingarHver er verkstj\u00f3ri samkv\u00e6mt vinnuverndarl\u00f6gunum? Hva\u00f0a \u00e1byrg\u00f0 og skyldur hv\u00edla \u00e1 verkstj\u00f3ra var\u00f0andi vinnuverndar- og \u00f6ryggism\u00e1l? Vinnuverndarl\u00f6gin og regluger\u00f0 um skipulag og framkv\u00e6md vinnuverndarstarfs \u00e1 vinnust\u00f6\u00f0um er kynnt. Fjalla\u00f0 ver\u00f0ur um mikilv\u00e6gi \u00feess a\u00f0 verkstj\u00f3ri s\u00e9 lei\u00f0andi \u00ed vinnuverndarstarfi og \u00f6ryggismenningu vinnusta\u00f0arins. Fari\u00f0 ver\u00f0ur yfir hva\u00f0 skiptir mestu m\u00e1li fyrir verkstj\u00f3ra a\u00f0 vita s.s. [&hellip;]<\/p>\n","protected":false},"author":1,"featured_media":0,"parent":0,"menu_order":0,"comment_status":"closed","ping_status":"closed","template":"","meta":{"footnotes":""},"class_list":["post-1890","page","type-page","status-publish","hentry"],"blocksy_meta":{"styles_descriptor":{"styles":{"desktop":"","tablet":"","mobile":""},"google_fonts":[],"version":6}},"_links":{"self":[{"href":"https:\/\/vinnuverndarnamskeid.is\/index.php\/wp-json\/wp\/v2\/pages\/1890","targetHints":{"allow":["GET"]}}],"collection":[{"href":"https:\/\/vinnuverndarnamskeid.is\/index.php\/wp-json\/wp\/v2\/pages"}],"about":[{"href":"https:\/\/vinnuverndarnamskeid.is\/index.php\/wp-json\/wp\/v2\/types\/page"}],"author":[{"embeddable":true,"href":"https:\/\/vinnuverndarnamskeid.is\/index.php\/wp-json\/wp\/v2\/users\/1"}],"replies":[{"embeddable":true,"href":"https:\/\/vinnuverndarnamskeid.is\/index.php\/wp-json\/wp\/v2\/comments?post=1890"}],"version-history":[{"count":175,"href":"https:\/\/vinnuverndarnamskeid.is\/index.php\/wp-json\/wp\/v2\/pages\/1890\/revisions"}],"predecessor-version":[{"id":7011,"href":"https:\/\/vinnuverndarnamskeid.is\/index.php\/wp-json\/wp\/v2\/pages\/1890\/revisions\/7011"}],"wp:attachment":[{"href":"https:\/\/vinnuverndarnamskeid.is\/index.php\/wp-json\/wp\/v2\/media?parent=1890"}],"curies":[{"name":"wp","href":"https:\/\/api.w.org\/{rel}","templated":true}]}}