{"id":21,"date":"2021-11-22T22:07:16","date_gmt":"2021-11-22T22:07:16","guid":{"rendered":"https:\/\/vinnuverndarnamskeid.is\/?page_id=21"},"modified":"2024-04-05T12:45:40","modified_gmt":"2024-04-05T12:45:40","slug":"fagrad","status":"publish","type":"page","link":"https:\/\/vinnuverndarnamskeid.is\/index.php\/fagrad\/","title":{"rendered":"Fagr\u00e1\u00f0"},"content":{"rendered":"\t\t<div data-elementor-type=\"wp-page\" data-elementor-id=\"21\" class=\"elementor elementor-21\">\n\t\t\t\t\t\t<section class=\"elementor-section elementor-top-section elementor-element elementor-element-488ce8e0 elementor-section-content-middle elementor-section-boxed elementor-section-height-default elementor-section-height-default\" data-id=\"488ce8e0\" data-element_type=\"section\" data-e-type=\"section\" data-settings=\"{&quot;background_background&quot;:&quot;classic&quot;}\">\n\t\t\t\t\t\t<div class=\"elementor-container elementor-column-gap-no\">\n\t\t\t\t\t<div class=\"elementor-column elementor-col-100 elementor-top-column elementor-element elementor-element-4cd038d0\" data-id=\"4cd038d0\" data-element_type=\"column\" data-e-type=\"column\" data-settings=\"{&quot;background_background&quot;:&quot;classic&quot;}\">\n\t\t\t<div class=\"elementor-widget-wrap elementor-element-populated\">\n\t\t\t\t\t\t<div class=\"elementor-element elementor-element-5608b35 elementor-widget elementor-widget-heading\" data-id=\"5608b35\" data-element_type=\"widget\" data-e-type=\"widget\" data-widget_type=\"heading.default\">\n\t\t\t\t<div class=\"elementor-widget-container\">\n\t\t\t\t\t<h2 class=\"elementor-heading-title elementor-size-default\">Faglegir r\u00e1\u00f0gjafar Vinnuverndarn\u00e1mskei\u00f0 ehf<\/h2>\t\t\t\t<\/div>\n\t\t\t\t<\/div>\n\t\t\t\t<section class=\"elementor-section elementor-inner-section elementor-element elementor-element-26528aef elementor-section-content-middle elementor-section-boxed elementor-section-height-default elementor-section-height-default\" data-id=\"26528aef\" data-element_type=\"section\" data-e-type=\"section\">\n\t\t\t\t\t\t<div class=\"elementor-container elementor-column-gap-no\">\n\t\t\t\t\t<div class=\"elementor-column elementor-col-100 elementor-inner-column elementor-element elementor-element-517466b2\" data-id=\"517466b2\" data-element_type=\"column\" data-e-type=\"column\">\n\t\t\t<div class=\"elementor-widget-wrap elementor-element-populated\">\n\t\t\t\t\t\t<div class=\"elementor-element elementor-element-2c7047d1 elementor-widget elementor-widget-heading\" data-id=\"2c7047d1\" data-element_type=\"widget\" data-e-type=\"widget\" data-widget_type=\"heading.default\">\n\t\t\t\t<div class=\"elementor-widget-container\">\n\t\t\t\t\t<h4 class=\"elementor-heading-title elementor-size-default\">\u00c1g\u00fast \u00c1g\u00fastsson<\/h4>\t\t\t\t<\/div>\n\t\t\t\t<\/div>\n\t\t\t\t<div class=\"elementor-element elementor-element-0f5a02f elementor-widget elementor-widget-text-editor\" data-id=\"0f5a02f\" data-element_type=\"widget\" data-e-type=\"widget\" data-widget_type=\"text-editor.default\">\n\t\t\t\t<div class=\"elementor-widget-container\">\n\t\t\t\t\t\t\t\t\t<p>I\u00f0na\u00f0art\u00e6knifr\u00e6\u00f0ingur<\/p>\t\t\t\t\t\t\t\t<\/div>\n\t\t\t\t<\/div>\n\t\t\t\t<div class=\"elementor-element elementor-element-50684f8a elementor-widget-divider--view-line elementor-widget elementor-widget-divider\" data-id=\"50684f8a\" data-element_type=\"widget\" data-e-type=\"widget\" data-widget_type=\"divider.default\">\n\t\t\t\t<div class=\"elementor-widget-container\">\n\t\t\t\t\t\t\t<div class=\"elementor-divider\">\n\t\t\t<span class=\"elementor-divider-separator\">\n\t\t\t\t\t\t<\/span>\n\t\t<\/div>\n\t\t\t\t\t\t<\/div>\n\t\t\t\t<\/div>\n\t\t\t\t<div class=\"elementor-element elementor-element-6d723ec4 elementor-widget elementor-widget-text-editor\" data-id=\"6d723ec4\" data-element_type=\"widget\" data-e-type=\"widget\" data-widget_type=\"text-editor.default\">\n\t\t\t\t<div class=\"elementor-widget-container\">\n\t\t\t\t\t\t\t\t\t<p>\u00c1g\u00fast starfa\u00f0i hj\u00e1 Vinnueftirlitinu fr\u00e1 1996 til 2024. Hann starfa\u00f0i sem deildarstj\u00f3ri katla- og \u00fer\u00fdstihylkjadeildar\u00a0og f\u00e6r\u00f0ist s\u00ed\u00f0ar \u00ed t\u00e6knideild \u00fear\u00a0sem hann starfa\u00f0i fyrst sem a\u00f0sto\u00f0ardeildarstj\u00f3ri\u00a0en fr\u00e1 2015 sem deildarstj\u00f3ri t\u00e6knideildar Vinnueftirlitsins.\u00a0\u00a0\u00c1g\u00fast er m.a. s\u00e9rfr\u00e6\u00f0ingur \u00ed v\u00e9lum, \u00fer\u00fdstib\u00fana\u00f0i \u00fear me\u00f0 tali\u00f0 gufukerfum, CE merkingum og gasb\u00fana\u00f0i.\u00a0\u00a0<\/p><p>\u00c1g\u00fast var fulltr\u00fai Vinnueftirlitsins \u00ed faggildingar\u00e1\u00f0i og s\u00f3tti fundi \u00ed norr\u00e6num samstarfsnefndum \u00e1 svi\u00f0 \u00fer\u00fdstib\u00fana\u00f0ar og v\u00e9la og t\u00e6kja.<\/p>\t\t\t\t\t\t\t\t<\/div>\n\t\t\t\t<\/div>\n\t\t\t\t\t<\/div>\n\t\t<\/div>\n\t\t\t\t\t<\/div>\n\t\t<\/section>\n\t\t\t\t<section class=\"elementor-section elementor-inner-section elementor-element elementor-element-3c8079a elementor-section-content-middle elementor-section-boxed elementor-section-height-default elementor-section-height-default\" data-id=\"3c8079a\" data-element_type=\"section\" data-e-type=\"section\">\n\t\t\t\t\t\t<div class=\"elementor-container elementor-column-gap-no\">\n\t\t\t\t\t<div class=\"elementor-column elementor-col-100 elementor-inner-column elementor-element elementor-element-db7b70c\" data-id=\"db7b70c\" data-element_type=\"column\" data-e-type=\"column\">\n\t\t\t<div class=\"elementor-widget-wrap elementor-element-populated\">\n\t\t\t\t\t\t<div class=\"elementor-element elementor-element-17f3036 elementor-widget elementor-widget-heading\" data-id=\"17f3036\" data-element_type=\"widget\" data-e-type=\"widget\" data-widget_type=\"heading.default\">\n\t\t\t\t<div class=\"elementor-widget-container\">\n\t\t\t\t\t<h4 class=\"elementor-heading-title elementor-size-default\">Bj\u00f6rn \u00de\u00f3r R\u00f6gnvaldsson<\/h4>\t\t\t\t<\/div>\n\t\t\t\t<\/div>\n\t\t\t\t<div class=\"elementor-element elementor-element-3290b0e elementor-widget elementor-widget-text-editor\" data-id=\"3290b0e\" data-element_type=\"widget\" data-e-type=\"widget\" data-widget_type=\"text-editor.default\">\n\t\t\t\t<div class=\"elementor-widget-container\">\n\t\t\t\t\t\t\t\t\t<p>L\u00f6gfr\u00e6\u00f0ingur<\/p>\t\t\t\t\t\t\t\t<\/div>\n\t\t\t\t<\/div>\n\t\t\t\t<div class=\"elementor-element elementor-element-87cb1c9 elementor-widget-divider--view-line elementor-widget elementor-widget-divider\" data-id=\"87cb1c9\" data-element_type=\"widget\" data-e-type=\"widget\" data-widget_type=\"divider.default\">\n\t\t\t\t<div class=\"elementor-widget-container\">\n\t\t\t\t\t\t\t<div class=\"elementor-divider\">\n\t\t\t<span class=\"elementor-divider-separator\">\n\t\t\t\t\t\t<\/span>\n\t\t<\/div>\n\t\t\t\t\t\t<\/div>\n\t\t\t\t<\/div>\n\t\t\t\t<div class=\"elementor-element elementor-element-d5fa30d elementor-widget elementor-widget-text-editor\" data-id=\"d5fa30d\" data-element_type=\"widget\" data-e-type=\"widget\" data-widget_type=\"text-editor.default\">\n\t\t\t\t<div class=\"elementor-widget-container\">\n\t\t\t\t\t\t\t\t\t<p>Bj\u00f6rn \u00de\u00f3r var l\u00f6gfr\u00e6\u00f0ingur Vinnueftirlitsins fr\u00e1 2007 til 2023. Bj\u00f6rn var deildarstj\u00f3ri l\u00f6gfr\u00e6\u00f0ideildar og ritari stj\u00f3rnar Vinnueftirlitsins lengst af \u00feeim t\u00edma sem hann vann hj\u00e1 stofnuninni. Hann sat einnig \u00ed stj\u00f3rn Vinnuverndarstofnunar ESB (EU OSHA) og var fulltr\u00fai \u00cdslands \u00ed r\u00e1\u00f0gjafanefnd ESB um vinnuvernd (ACSH). Bj\u00f6rn \u00de\u00f3r hefur yfirbur\u00f0a \u00feekkingu \u00e1 l\u00f6gum og regluger\u00f0um um vinnuverndarm\u00e1l og hefur skrifa\u00f0 fr\u00e6\u00f0igreinar um vinnuverndarr\u00e9tt.<\/p>\t\t\t\t\t\t\t\t<\/div>\n\t\t\t\t<\/div>\n\t\t\t\t\t<\/div>\n\t\t<\/div>\n\t\t\t\t\t<\/div>\n\t\t<\/section>\n\t\t\t\t<div class=\"elementor-element elementor-element-f94b0ea elementor-widget-divider--view-line elementor-widget elementor-widget-divider\" data-id=\"f94b0ea\" data-element_type=\"widget\" data-e-type=\"widget\" data-widget_type=\"divider.default\">\n\t\t\t\t<div class=\"elementor-widget-container\">\n\t\t\t\t\t\t\t<div class=\"elementor-divider\">\n\t\t\t<span class=\"elementor-divider-separator\">\n\t\t\t\t\t\t<\/span>\n\t\t<\/div>\n\t\t\t\t\t\t<\/div>\n\t\t\t\t<\/div>\n\t\t\t\t<section class=\"elementor-section elementor-inner-section elementor-element elementor-element-dc51429 elementor-section-content-middle elementor-section-boxed elementor-section-height-default elementor-section-height-default\" data-id=\"dc51429\" data-element_type=\"section\" data-e-type=\"section\">\n\t\t\t\t\t\t<div class=\"elementor-container elementor-column-gap-no\">\n\t\t\t\t\t<div class=\"elementor-column elementor-col-100 elementor-inner-column elementor-element elementor-element-d2b8702\" data-id=\"d2b8702\" data-element_type=\"column\" data-e-type=\"column\">\n\t\t\t<div class=\"elementor-widget-wrap elementor-element-populated\">\n\t\t\t\t\t\t<div class=\"elementor-element elementor-element-3e9096a elementor-widget elementor-widget-heading\" data-id=\"3e9096a\" data-element_type=\"widget\" data-e-type=\"widget\" data-widget_type=\"heading.default\">\n\t\t\t\t<div class=\"elementor-widget-container\">\n\t\t\t\t\t<h4 class=\"elementor-heading-title elementor-size-default\">Gu\u00f0mundur \u00de\u00f3r Sigur\u00f0sson<\/h4>\t\t\t\t<\/div>\n\t\t\t\t<\/div>\n\t\t\t\t<div class=\"elementor-element elementor-element-fdd8d0c elementor-widget elementor-widget-text-editor\" data-id=\"fdd8d0c\" data-element_type=\"widget\" data-e-type=\"widget\" data-widget_type=\"text-editor.default\">\n\t\t\t\t<div class=\"elementor-widget-container\">\n\t\t\t\t\t\t\t\t\t<p><span style=\"font-weight: 400;\">Byggingafr\u00e6\u00f0ingur<\/span><\/p>\t\t\t\t\t\t\t\t<\/div>\n\t\t\t\t<\/div>\n\t\t\t\t<div class=\"elementor-element elementor-element-0dffccf elementor-widget-divider--view-line elementor-widget elementor-widget-divider\" data-id=\"0dffccf\" data-element_type=\"widget\" data-e-type=\"widget\" data-widget_type=\"divider.default\">\n\t\t\t\t<div class=\"elementor-widget-container\">\n\t\t\t\t\t\t\t<div class=\"elementor-divider\">\n\t\t\t<span class=\"elementor-divider-separator\">\n\t\t\t\t\t\t<\/span>\n\t\t<\/div>\n\t\t\t\t\t\t<\/div>\n\t\t\t\t<\/div>\n\t\t\t\t<div class=\"elementor-element elementor-element-84e4628 elementor-widget elementor-widget-text-editor\" data-id=\"84e4628\" data-element_type=\"widget\" data-e-type=\"widget\" data-widget_type=\"text-editor.default\">\n\t\t\t\t<div class=\"elementor-widget-container\">\n\t\t\t\t\t\t\t\t\t<p><span style=\"font-weight: 400;\">Hann vann hj\u00e1 Vinnueftirlitinu fr\u00e1 2012 til 2014 sem fyrirt\u00e6kjaeftirlitsma\u00f0ur og s\u00ed\u00f0an sem verkefnastj\u00f3ri \u00ed fr\u00e6\u00f0sludeild fr\u00e1 2014 til 2019. Gu\u00f0mundur \u00de\u00f3r er m.a. s\u00e9rfr\u00e6\u00f0ingur \u00ed \u00f6ryggi \u00e1 byggingavinnust\u00f6\u00f0um og vinnu \u00ed h\u00e6\u00f0.<\/span><\/p>\t\t\t\t\t\t\t\t<\/div>\n\t\t\t\t<\/div>\n\t\t\t\t\t<\/div>\n\t\t<\/div>\n\t\t\t\t\t<\/div>\n\t\t<\/section>\n\t\t\t\t<div class=\"elementor-element elementor-element-402109f elementor-widget-divider--view-line elementor-widget elementor-widget-divider\" data-id=\"402109f\" data-element_type=\"widget\" data-e-type=\"widget\" data-widget_type=\"divider.default\">\n\t\t\t\t<div class=\"elementor-widget-container\">\n\t\t\t\t\t\t\t<div class=\"elementor-divider\">\n\t\t\t<span class=\"elementor-divider-separator\">\n\t\t\t\t\t\t<\/span>\n\t\t<\/div>\n\t\t\t\t\t\t<\/div>\n\t\t\t\t<\/div>\n\t\t\t\t<section class=\"elementor-section elementor-inner-section elementor-element elementor-element-f26d96b elementor-section-content-middle elementor-section-boxed elementor-section-height-default elementor-section-height-default\" data-id=\"f26d96b\" data-element_type=\"section\" data-e-type=\"section\">\n\t\t\t\t\t\t<div class=\"elementor-container elementor-column-gap-no\">\n\t\t\t\t\t<div class=\"elementor-column elementor-col-100 elementor-inner-column elementor-element elementor-element-aaf24f8\" data-id=\"aaf24f8\" data-element_type=\"column\" data-e-type=\"column\">\n\t\t\t<div class=\"elementor-widget-wrap elementor-element-populated\">\n\t\t\t\t\t\t<div class=\"elementor-element elementor-element-ac051af elementor-widget elementor-widget-heading\" data-id=\"ac051af\" data-element_type=\"widget\" data-e-type=\"widget\" data-widget_type=\"heading.default\">\n\t\t\t\t<div class=\"elementor-widget-container\">\n\t\t\t\t\t<h4 class=\"elementor-heading-title elementor-size-default\">INGHILDUR EINARSD\u00d3TTIR\n<\/h4>\t\t\t\t<\/div>\n\t\t\t\t<\/div>\n\t\t\t\t<div class=\"elementor-element elementor-element-8375d77 elementor-widget elementor-widget-text-editor\" data-id=\"8375d77\" data-element_type=\"widget\" data-e-type=\"widget\" data-widget_type=\"text-editor.default\">\n\t\t\t\t<div class=\"elementor-widget-container\">\n\t\t\t\t\t\t\t\t\t<p><span style=\"font-weight: 400;\">Vinnuvistfr\u00e6\u00f0ingur<\/span><\/p>\t\t\t\t\t\t\t\t<\/div>\n\t\t\t\t<\/div>\n\t\t\t\t<div class=\"elementor-element elementor-element-0ed6433 elementor-widget-divider--view-line elementor-widget elementor-widget-divider\" data-id=\"0ed6433\" data-element_type=\"widget\" data-e-type=\"widget\" data-widget_type=\"divider.default\">\n\t\t\t\t<div class=\"elementor-widget-container\">\n\t\t\t\t\t\t\t<div class=\"elementor-divider\">\n\t\t\t<span class=\"elementor-divider-separator\">\n\t\t\t\t\t\t<\/span>\n\t\t<\/div>\n\t\t\t\t\t\t<\/div>\n\t\t\t\t<\/div>\n\t\t\t\t<div class=\"elementor-element elementor-element-64353ce elementor-widget elementor-widget-text-editor\" data-id=\"64353ce\" data-element_type=\"widget\" data-e-type=\"widget\" data-widget_type=\"text-editor.default\">\n\t\t\t\t<div class=\"elementor-widget-container\">\n\t\t\t\t\t\t\t\t\t<p>Stj\u00f3rnm\u00e1lafr\u00e6\u00f0ingur og M.A. \u00ed vinnuvistfr\u00e6\u00f0i fr\u00e1 Loughborough University Englandi. H\u00fan vann hj\u00e1 Vinnueftirlitinu fr\u00e1 1998 til 2004 \u00ed fr\u00e6\u00f0sludeild og fr\u00e1 2005 til 2006 sem fagstj\u00f3ri \u00e1h\u00e6ttumats og fr\u00e1 2007 til 2019 sem deildarstj\u00f3ri fr\u00e6\u00f0sludeildar<\/p>\t\t\t\t\t\t\t\t<\/div>\n\t\t\t\t<\/div>\n\t\t\t\t\t<\/div>\n\t\t<\/div>\n\t\t\t\t\t<\/div>\n\t\t<\/section>\n\t\t\t\t<div class=\"elementor-element elementor-element-10c88c5 elementor-widget-divider--view-line elementor-widget elementor-widget-divider\" data-id=\"10c88c5\" data-element_type=\"widget\" data-e-type=\"widget\" data-widget_type=\"divider.default\">\n\t\t\t\t<div class=\"elementor-widget-container\">\n\t\t\t\t\t\t\t<div class=\"elementor-divider\">\n\t\t\t<span class=\"elementor-divider-separator\">\n\t\t\t\t\t\t<\/span>\n\t\t<\/div>\n\t\t\t\t\t\t<\/div>\n\t\t\t\t<\/div>\n\t\t\t\t<section class=\"elementor-section elementor-inner-section elementor-element elementor-element-28b3fa0 elementor-section-content-middle elementor-section-boxed elementor-section-height-default elementor-section-height-default\" data-id=\"28b3fa0\" data-element_type=\"section\" data-e-type=\"section\">\n\t\t\t\t\t\t<div class=\"elementor-container elementor-column-gap-no\">\n\t\t\t\t\t<div class=\"elementor-column elementor-col-100 elementor-inner-column elementor-element elementor-element-e567560\" data-id=\"e567560\" data-element_type=\"column\" data-e-type=\"column\">\n\t\t\t<div class=\"elementor-widget-wrap elementor-element-populated\">\n\t\t\t\t\t\t<div class=\"elementor-element elementor-element-c96dea1 elementor-widget elementor-widget-heading\" data-id=\"c96dea1\" data-element_type=\"widget\" data-e-type=\"widget\" data-widget_type=\"heading.default\">\n\t\t\t\t<div class=\"elementor-widget-container\">\n\t\t\t\t\t<h4 class=\"elementor-heading-title elementor-size-default\">J\u00f3hannes Helgason<\/h4>\t\t\t\t<\/div>\n\t\t\t\t<\/div>\n\t\t\t\t<div class=\"elementor-element elementor-element-e92fd50 elementor-widget elementor-widget-text-editor\" data-id=\"e92fd50\" data-element_type=\"widget\" data-e-type=\"widget\" data-widget_type=\"text-editor.default\">\n\t\t\t\t<div class=\"elementor-widget-container\">\n\t\t\t\t\t\t\t\t\t<p><span style=\"font-weight: 400;\">L\u00edffr\u00e6\u00f0ingur<\/span><\/p>\t\t\t\t\t\t\t\t<\/div>\n\t\t\t\t<\/div>\n\t\t\t\t<div class=\"elementor-element elementor-element-c861b79 elementor-widget-divider--view-line elementor-widget elementor-widget-divider\" data-id=\"c861b79\" data-element_type=\"widget\" data-e-type=\"widget\" data-widget_type=\"divider.default\">\n\t\t\t\t<div class=\"elementor-widget-container\">\n\t\t\t\t\t\t\t<div class=\"elementor-divider\">\n\t\t\t<span class=\"elementor-divider-separator\">\n\t\t\t\t\t\t<\/span>\n\t\t<\/div>\n\t\t\t\t\t\t<\/div>\n\t\t\t\t<\/div>\n\t\t\t\t<div class=\"elementor-element elementor-element-3e8d180 elementor-widget elementor-widget-text-editor\" data-id=\"3e8d180\" data-element_type=\"widget\" data-e-type=\"widget\" data-widget_type=\"text-editor.default\">\n\t\t\t\t<div class=\"elementor-widget-container\">\n\t\t\t\t\t\t\t\t\t<p><span style=\"font-weight: 400;\">Hann var fagstj\u00f3ri \u00ed Efna- og hollustuh\u00e1ttadeild Vinnueftirlitsins fr\u00e1 2007 til 2016 og deildarstj\u00f3ri s\u00f6mu deildar fr\u00e1 2017 til 2019.<\/span><\/p>\t\t\t\t\t\t\t\t<\/div>\n\t\t\t\t<\/div>\n\t\t\t\t\t<\/div>\n\t\t<\/div>\n\t\t\t\t\t<\/div>\n\t\t<\/section>\n\t\t\t\t<div class=\"elementor-element elementor-element-9b22a11 elementor-widget-divider--view-line elementor-widget elementor-widget-divider\" data-id=\"9b22a11\" data-element_type=\"widget\" data-e-type=\"widget\" data-widget_type=\"divider.default\">\n\t\t\t\t<div class=\"elementor-widget-container\">\n\t\t\t\t\t\t\t<div class=\"elementor-divider\">\n\t\t\t<span class=\"elementor-divider-separator\">\n\t\t\t\t\t\t<\/span>\n\t\t<\/div>\n\t\t\t\t\t\t<\/div>\n\t\t\t\t<\/div>\n\t\t\t\t<section class=\"elementor-section elementor-inner-section elementor-element elementor-element-10bd213 elementor-section-content-middle elementor-section-boxed elementor-section-height-default elementor-section-height-default\" data-id=\"10bd213\" data-element_type=\"section\" data-e-type=\"section\">\n\t\t\t\t\t\t<div class=\"elementor-container elementor-column-gap-no\">\n\t\t\t\t\t<div class=\"elementor-column elementor-col-100 elementor-inner-column elementor-element elementor-element-58079c0\" data-id=\"58079c0\" data-element_type=\"column\" data-e-type=\"column\">\n\t\t\t<div class=\"elementor-widget-wrap elementor-element-populated\">\n\t\t\t\t\t\t<div class=\"elementor-element elementor-element-474d438 elementor-widget elementor-widget-heading\" data-id=\"474d438\" data-element_type=\"widget\" data-e-type=\"widget\" data-widget_type=\"heading.default\">\n\t\t\t\t<div class=\"elementor-widget-container\">\n\t\t\t\t\t<h4 class=\"elementor-heading-title elementor-size-default\">Kristinn T\u00f3masson<\/h4>\t\t\t\t<\/div>\n\t\t\t\t<\/div>\n\t\t\t\t<div class=\"elementor-element elementor-element-36e2248 elementor-widget elementor-widget-text-editor\" data-id=\"36e2248\" data-element_type=\"widget\" data-e-type=\"widget\" data-widget_type=\"text-editor.default\">\n\t\t\t\t<div class=\"elementor-widget-container\">\n\t\t\t\t\t\t\t\t\t<p><span style=\"font-weight: 400;\">Ge\u00f0l\u00e6knir<\/span><\/p>\t\t\t\t\t\t\t\t<\/div>\n\t\t\t\t<\/div>\n\t\t\t\t<div class=\"elementor-element elementor-element-eccf70e elementor-widget-divider--view-line elementor-widget elementor-widget-divider\" data-id=\"eccf70e\" data-element_type=\"widget\" data-e-type=\"widget\" data-widget_type=\"divider.default\">\n\t\t\t\t<div class=\"elementor-widget-container\">\n\t\t\t\t\t\t\t<div class=\"elementor-divider\">\n\t\t\t<span class=\"elementor-divider-separator\">\n\t\t\t\t\t\t<\/span>\n\t\t<\/div>\n\t\t\t\t\t\t<\/div>\n\t\t\t\t<\/div>\n\t\t\t\t<div class=\"elementor-element elementor-element-e9ea932 elementor-widget elementor-widget-text-editor\" data-id=\"e9ea932\" data-element_type=\"widget\" data-e-type=\"widget\" data-widget_type=\"text-editor.default\">\n\t\t\t\t<div class=\"elementor-widget-container\">\n\t\t\t\t\t\t\t\t\t<p><span style=\"font-weight: 400;\">Hann var yfirl\u00e6knir og a\u00f0sto\u00f0arforstj\u00f3ri Vinnueftirlitsins fr\u00e1 1999 til 2019.<\/span><\/p>\t\t\t\t\t\t\t\t<\/div>\n\t\t\t\t<\/div>\n\t\t\t\t\t<\/div>\n\t\t<\/div>\n\t\t\t\t\t<\/div>\n\t\t<\/section>\n\t\t\t\t<div class=\"elementor-element elementor-element-f9b53cb elementor-widget-divider--view-line elementor-widget elementor-widget-divider\" data-id=\"f9b53cb\" data-element_type=\"widget\" data-e-type=\"widget\" data-widget_type=\"divider.default\">\n\t\t\t\t<div class=\"elementor-widget-container\">\n\t\t\t\t\t\t\t<div class=\"elementor-divider\">\n\t\t\t<span class=\"elementor-divider-separator\">\n\t\t\t\t\t\t<\/span>\n\t\t<\/div>\n\t\t\t\t\t\t<\/div>\n\t\t\t\t<\/div>\n\t\t\t\t\t<\/div>\n\t\t<\/div>\n\t\t\t\t\t<\/div>\n\t\t<\/section>\n\t\t\t\t<section class=\"elementor-section elementor-top-section elementor-element elementor-element-20f96758 ct-section-stretched elementor-section-full_width elementor-section-height-default elementor-section-height-default\" data-id=\"20f96758\" data-element_type=\"section\" data-e-type=\"section\" data-settings=\"{&quot;background_background&quot;:&quot;classic&quot;}\">\n\t\t\t\t\t\t\t<div class=\"elementor-background-overlay\"><\/div>\n\t\t\t\t\t\t\t<div class=\"elementor-container elementor-column-gap-default\">\n\t\t\t\t\t<div class=\"elementor-column elementor-col-100 elementor-top-column elementor-element elementor-element-d4841b1\" data-id=\"d4841b1\" data-element_type=\"column\" data-e-type=\"column\">\n\t\t\t<div class=\"elementor-widget-wrap elementor-element-populated\">\n\t\t\t\t\t\t<div class=\"elementor-element elementor-element-40d98e85 elementor-widget elementor-widget-heading\" data-id=\"40d98e85\" data-element_type=\"widget\" data-e-type=\"widget\" data-widget_type=\"heading.default\">\n\t\t\t\t<div class=\"elementor-widget-container\">\n\t\t\t\t\t<h2 class=\"elementor-heading-title elementor-size-large\">N\u00c1NARI UPPL\u00ddSINGAR<\/h2>\t\t\t\t<\/div>\n\t\t\t\t<\/div>\n\t\t\t\t<div class=\"elementor-element elementor-element-23493f53 elementor-widget elementor-widget-heading\" data-id=\"23493f53\" data-element_type=\"widget\" data-e-type=\"widget\" data-widget_type=\"heading.default\">\n\t\t\t\t<div class=\"elementor-widget-container\">\n\t\t\t\t\t<h2 class=\"elementor-heading-title elementor-size-large\">897 1179<br>897 0133<\/h2>\t\t\t\t<\/div>\n\t\t\t\t<\/div>\n\t\t\t\t\t<\/div>\n\t\t<\/div>\n\t\t\t\t\t<\/div>\n\t\t<\/section>\n\t\t\t\t<\/div>\n\t\t","protected":false},"excerpt":{"rendered":"<p>Faglegir r\u00e1\u00f0gjafar Vinnuverndarn\u00e1mskei\u00f0 ehf \u00c1g\u00fast \u00c1g\u00fastsson I\u00f0na\u00f0art\u00e6knifr\u00e6\u00f0ingur \u00c1g\u00fast starfa\u00f0i hj\u00e1 Vinnueftirlitinu fr\u00e1 1996 til 2024. Hann starfa\u00f0i sem deildarstj\u00f3ri katla- og \u00fer\u00fdstihylkjadeildar\u00a0og f\u00e6r\u00f0ist s\u00ed\u00f0ar \u00ed t\u00e6knideild \u00fear\u00a0sem hann starfa\u00f0i fyrst sem a\u00f0sto\u00f0ardeildarstj\u00f3ri\u00a0en fr\u00e1 2015 sem deildarstj\u00f3ri t\u00e6knideildar Vinnueftirlitsins.\u00a0\u00a0\u00c1g\u00fast er m.a. s\u00e9rfr\u00e6\u00f0ingur \u00ed v\u00e9lum, \u00fer\u00fdstib\u00fana\u00f0i \u00fear me\u00f0 tali\u00f0 gufukerfum, CE merkingum og gasb\u00fana\u00f0i.\u00a0\u00a0 \u00c1g\u00fast var fulltr\u00fai [&hellip;]<\/p>\n","protected":false},"author":1,"featured_media":0,"parent":0,"menu_order":0,"comment_status":"closed","ping_status":"closed","template":"","meta":{"footnotes":""},"class_list":["post-21","page","type-page","status-publish","hentry"],"blocksy_meta":{"styles_descriptor":{"styles":{"desktop":"","tablet":"","mobile":""},"google_fonts":[],"version":6}},"_links":{"self":[{"href":"https:\/\/vinnuverndarnamskeid.is\/index.php\/wp-json\/wp\/v2\/pages\/21","targetHints":{"allow":["GET"]}}],"collection":[{"href":"https:\/\/vinnuverndarnamskeid.is\/index.php\/wp-json\/wp\/v2\/pages"}],"about":[{"href":"https:\/\/vinnuverndarnamskeid.is\/index.php\/wp-json\/wp\/v2\/types\/page"}],"author":[{"embeddable":true,"href":"https:\/\/vinnuverndarnamskeid.is\/index.php\/wp-json\/wp\/v2\/users\/1"}],"replies":[{"embeddable":true,"href":"https:\/\/vinnuverndarnamskeid.is\/index.php\/wp-json\/wp\/v2\/comments?post=21"}],"version-history":[{"count":177,"href":"https:\/\/vinnuverndarnamskeid.is\/index.php\/wp-json\/wp\/v2\/pages\/21\/revisions"}],"predecessor-version":[{"id":4675,"href":"https:\/\/vinnuverndarnamskeid.is\/index.php\/wp-json\/wp\/v2\/pages\/21\/revisions\/4675"}],"wp:attachment":[{"href":"https:\/\/vinnuverndarnamskeid.is\/index.php\/wp-json\/wp\/v2\/media?parent=21"}],"curies":[{"name":"wp","href":"https:\/\/api.w.org\/{rel}","templated":true}]}}