{"id":340,"date":"2021-11-28T23:00:15","date_gmt":"2021-11-28T23:00:15","guid":{"rendered":"https:\/\/vinnuverndarnamskeid.is\/?page_id=340"},"modified":"2021-12-17T09:37:43","modified_gmt":"2021-12-17T09:37:43","slug":"skraning","status":"publish","type":"page","link":"https:\/\/vinnuverndarnamskeid.is\/index.php\/skraning\/","title":{"rendered":"Skr\u00e1ning"},"content":{"rendered":"\t\t<div data-elementor-type=\"wp-page\" data-elementor-id=\"340\" class=\"elementor elementor-340\">\n\t\t\t\t\t\t<section class=\"elementor-section elementor-top-section elementor-element elementor-element-9a948e5 elementor-section-boxed elementor-section-height-default elementor-section-height-default\" data-id=\"9a948e5\" data-element_type=\"section\" data-e-type=\"section\">\n\t\t\t\t\t\t<div class=\"elementor-container elementor-column-gap-default\">\n\t\t\t\t\t<div class=\"elementor-column elementor-col-33 elementor-top-column elementor-element elementor-element-6e02c45\" data-id=\"6e02c45\" data-element_type=\"column\" data-e-type=\"column\">\n\t\t\t<div class=\"elementor-widget-wrap\">\n\t\t\t\t\t\t\t<\/div>\n\t\t<\/div>\n\t\t\t\t<div class=\"elementor-column elementor-col-33 elementor-top-column elementor-element elementor-element-4768d7b3\" data-id=\"4768d7b3\" data-element_type=\"column\" data-e-type=\"column\">\n\t\t\t<div class=\"elementor-widget-wrap elementor-element-populated\">\n\t\t\t\t\t\t<div class=\"elementor-element elementor-element-513f55f9 elementor-widget elementor-widget-text-editor\" data-id=\"513f55f9\" data-element_type=\"widget\" data-e-type=\"widget\" data-widget_type=\"text-editor.default\">\n\t\t\t\t<div class=\"elementor-widget-container\">\n\t\t\t\t\t\t\t\t\t\n<div class=\"forminator-guttenberg\"><div class=\"forminator-ui forminator-custom-form forminator-custom-form-336 forminator-design--default  forminator_ajax\" data-forminator-render=\"0\" data-form=\"forminator-module-336\" data-uid=\"69d00cc7a423b\"><br\/><\/div><form\n\t\t\t\tid=\"forminator-module-336\"\n\t\t\t\tclass=\"forminator-ui forminator-custom-form forminator-custom-form-336 forminator-design--default  forminator_ajax\"\n\t\t\t\tmethod=\"post\"\n\t\t\t\tdata-forminator-render=\"0\"\n\t\t\t\tdata-form-id=\"336\"\n\t\t\t\t data-color-option=\"default\" data-design=\"default\" data-grid=\"open\" style=\"display: none;\"\n\t\t\t\tdata-uid=\"69d00cc7a423b\"\n\t\t\t><div role=\"alert\" aria-live=\"polite\" class=\"forminator-response-message forminator-error\" aria-hidden=\"true\"><\/div><div class=\"forminator-row\"><div id=\"select-1\" class=\"forminator-field-select forminator-col forminator-col-12 \"><div class=\"forminator-field\"><label for=\"forminator-form-336__field--select-1_69d00cc7a423b\" id=\"forminator-form-336__field--select-1_69d00cc7a423b-label\" class=\"forminator-label\">\u00de\u00da VER\u00d0UR A\u00d0 SMELLA \u00c1 \u00d6RINA H\u00c9R VI\u00d0 ENDANN TIL A\u00d0 VELJA N\u00c1MSKIE\u00d0 &#8211; &#8211; &#8211; &#8211; &#8211; VELDU N\u00c1MSKEI\u00d0<\/label><select  id=\"forminator-form-336__field--select-1_69d00cc7a423b\" class=\"forminator-select--field forminator-select2 forminator-select2-multiple\" data-required=\"\" name=\"select-1\" data-default-value=\"\" data-placeholder=\"\" data-search=\"false\" data-search-placeholder=\"\" data-checkbox=\"false\" data-allow-clear=\"false\" aria-labelledby=\"forminator-form-336__field--select-1_69d00cc7a423b-label\"><option value=\"Fallvarnir---13.04.2026\"  data-calculation=\"0\">Fallvarnir &#8211; 13.04.2026<\/option><option value=\"\u00c1h\u00e6ttumatsn\u00e1mskei\u00f0---27.04.2026\"  data-calculation=\"0\">\u00c1h\u00e6ttumatsn\u00e1mskei\u00f0 &#8211; 27.04.2026<\/option><option value=\"Verkstj\u00f3ran\u00e1mskei\u00f0-04.05.2026---Matv\u00e6lai\u00f0na\u00f0ur\"  data-calculation=\"0\">Verkstj\u00f3ran\u00e1mskei\u00f0 04.05.2026 &#8211; Matv\u00e6lai\u00f0na\u00f0ur<\/option><option value=\"Verkstj\u00f3ran\u00e1mskei\u00f0-005.05.2026---\u00e1-ENNSKU\"  data-calculation=\"0\">Verkstj\u00f3ran\u00e1mskei\u00f0 05.05.2026 &#8211; \u00e1 ENSKU<\/option><option value=\"Heit-vinna---11.05.2026\"  data-calculation=\"0\">Heit vinna &#8211; 11.05.2026<\/option><option value=\"\u00d6ryggismenning-12.-ma\u00ed-2026\"  data-calculation=\"0\">\u00d6ryggismenning 12.05.2026<\/option><option value=\"Flokkstj\u00f3rar-\u00ed-vinnusk\u00f3lum-13.06.2025\"  data-calculation=\"0\">Flokkstj\u00f3rar \u00ed vinnusk\u00f3lum 26.05.2026<\/option><option value=\"Flokkstj\u00f3rar-\u00ed-vinnusk\u00f3lum-01.06.2026\"  data-calculation=\"0\">Flokkstj\u00f3rar \u00ed vinnusk\u00f3lum 01.06.2026<\/option><option value=\"Flokkstj\u00f3rar-\u00ed-vinnusk\u00f3lum-08.06.2025\"  data-calculation=\"0\">Flokkstj\u00f3rar \u00ed vinnusk\u00f3lum 08.06.2026<\/option><option value=\"Fallvarnir---15.06.2026\"  data-calculation=\"0\">Fallvarnir &#8211; 15.06.2026<\/option><option value=\"Loka\u00f0-r\u00fdmi---22.06.2026\"  data-calculation=\"0\">Loka\u00f0 r\u00fdmi &#8211; 22.06.2026<\/option><option value=\"\u00d6ryggi-vi\u00f0-v\u00e9lar---10.03.2026\"  data-calculation=\"0\">\u00d6ryggi vi\u00f0 v\u00e9lar &#8211; 06.10.2026<\/option><option value=\"Verkstj\u00f3ran\u00e1mskei\u00f0\"  data-calculation=\"0\">Verkstj\u00f3ran\u00e1mskei\u00f0 12.10.2026<\/option><option value=\"Vinnuslysan\u00e1mskei\u00f0---23.11.2026\"  data-calculation=\"0\">Vinnuslysan\u00e1mskei\u00f0 &#8211; 23.11.2026<\/option><option value=\"Verkstj\u00f3ran\u00e1mskei\u00f0\"  data-calculation=\"0\">Verkstj\u00f3ran\u00e1mskei\u00f0 07.12.2026<\/option><option value=\"S\u00e1lf\u00e9lagslegt-vinnuumhverfi---09.03.2026\"  data-calculation=\"0\">S\u00e1lf\u00e9lagslegt vinnuumhverfi &#8211; 21.12.2026<\/option><option value=\"Fallvarnir---Fjarn\u00e1m\"  data-calculation=\"0\">Fallvarnir &#8211; Fjarn\u00e1m<\/option><option value=\"Bi\u00f0listi-Verklegt-R\u00f6raverkpalla-n\u00e1mskei\u00f0\"  data-calculation=\"0\">Bi\u00f0listi Verklegt R\u00f6raverkpalla n\u00e1mskei\u00f0<\/option><option value=\"Vinnuvernd-101\"  data-calculation=\"0\">Vinnuvernd 101<\/option><\/select><\/div><\/div><\/div><div class=\"forminator-row\"><div id=\"section-1\" class=\"forminator-field-section forminator-col forminator-col-12 \"><div class=\"forminator-field\"><h2 class=\"forminator-title\">GREI\u00d0ANDI &#8211; &#8211; &#8211; &#8211; VALDIR \u00de\u00da R\u00c9TT N\u00c1MSKEI\u00d0<\/h2><\/div><\/div><\/div><div class=\"forminator-row\"><div id=\"name-2\" class=\"forminator-field-name forminator-col forminator-col-12 \"><div class=\"forminator-field\"><label for=\"forminator-field-name-2_69d00cc7a423b\" id=\"forminator-field-name-2_69d00cc7a423b-label\" class=\"forminator-label\">Kennitala grei\u00f0anda <span class=\"forminator-required\">*<\/span><\/label><input type=\"text\" name=\"name-2\" value=\"\" placeholder=\"\" id=\"forminator-field-name-2_69d00cc7a423b\" class=\"forminator-input forminator-name--field\" aria-required=\"true\" autocomplete=\"name\" \/><\/div><\/div><\/div><div class=\"forminator-row\"><div id=\"name-1\" class=\"forminator-field-name forminator-col forminator-col-12 \"><div class=\"forminator-field\"><label for=\"forminator-field-name-1_69d00cc7a423b\" id=\"forminator-field-name-1_69d00cc7a423b-label\" class=\"forminator-label\">Nafn grei\u00f0anda <span class=\"forminator-required\">*<\/span><\/label><input type=\"text\" name=\"name-1\" value=\"\" placeholder=\"\" id=\"forminator-field-name-1_69d00cc7a423b\" class=\"forminator-input forminator-name--field\" aria-required=\"true\" autocomplete=\"name\" \/><\/div><\/div><\/div><div class=\"forminator-row\"><div id=\"email-1\" class=\"forminator-field-email forminator-col forminator-col-6 \"><div class=\"forminator-field\"><label for=\"forminator-field-email-1_69d00cc7a423b\" id=\"forminator-field-email-1_69d00cc7a423b-label\" class=\"forminator-label\">Netfang grei\u00f0anda <span class=\"forminator-required\">*<\/span><\/label><input type=\"email\" name=\"email-1\" value=\"\" placeholder=\"\" id=\"forminator-field-email-1_69d00cc7a423b\" class=\"forminator-input forminator-email--field\" data-required=\"1\" aria-required=\"true\" autocomplete=\"email\" \/><\/div><\/div><div id=\"email-6\" class=\"forminator-field-email forminator-col forminator-col-6 \"><div class=\"forminator-field\"><label for=\"forminator-field-email-6_69d00cc7a423b\" id=\"forminator-field-email-6_69d00cc7a423b-label\" class=\"forminator-label\">Netfang vegna reikninga (ef anna\u00f0)<\/label><input type=\"email\" name=\"email-6\" value=\"\" placeholder=\"\" id=\"forminator-field-email-6_69d00cc7a423b\" class=\"forminator-input forminator-email--field\" data-required=\"\" aria-required=\"false\" autocomplete=\"email\" \/><\/div><\/div><\/div><div class=\"forminator-row\"><div id=\"checkbox-1\" class=\"forminator-field-checkbox forminator-col forminator-col-12 \"><div role=\"group\" class=\"forminator-field required\" aria-labelledby=\"forminator-checkbox-group-forminator-field-checkbox-1-69d00cc7a423b-label\"><span id=\"forminator-checkbox-group-forminator-field-checkbox-1-69d00cc7a423b-label\" class=\"forminator-label\">Hvar heyr\u00f0ir \u00fe\u00fa af n\u00e1mskei\u00f0unum okkar? <span class=\"forminator-required\">*<\/span><\/span><label id=\"forminator-field-checkbox-1-1-69d00cc7a423b-label\" for=\"forminator-field-checkbox-1-1-69d00cc7a423b\" class=\"forminator-checkbox\" title=\"Samf\u00e9lagsmi\u00f0lar\"><input type=\"checkbox\" name=\"checkbox-1[]\" value=\"one\" id=\"forminator-field-checkbox-1-1-69d00cc7a423b\" aria-labelledby=\"forminator-field-checkbox-1-1-69d00cc7a423b-label\" data-calculation=\"0\"   data-hidden-behavior=\"zero\"\/><span class=\"forminator-checkbox-box\" aria-hidden=\"true\"><\/span><span class=\"forminator-checkbox-label\">Samf\u00e9lagsmi\u00f0lar<\/span><\/label><label id=\"forminator-field-checkbox-1-2-69d00cc7a423b-label\" for=\"forminator-field-checkbox-1-2-69d00cc7a423b\" class=\"forminator-checkbox\" title=\"Google-leit e\u00f0a augl\u00fdsingar \u00e1 netinu\"><input type=\"checkbox\" name=\"checkbox-1[]\" value=\"two\" id=\"forminator-field-checkbox-1-2-69d00cc7a423b\" aria-labelledby=\"forminator-field-checkbox-1-2-69d00cc7a423b-label\" data-calculation=\"0\"   data-hidden-behavior=\"zero\"\/><span class=\"forminator-checkbox-box\" aria-hidden=\"true\"><\/span><span class=\"forminator-checkbox-label\">Google-leit e\u00f0a augl\u00fdsingar \u00e1 netinu<\/span><\/label><label id=\"forminator-field-checkbox-1-3-69d00cc7a423b-label\" for=\"forminator-field-checkbox-1-3-69d00cc7a423b\" class=\"forminator-checkbox\" title=\"Me\u00f0m\u00e6li fr\u00e1 vini e\u00f0a samstarfsmanni\"><input type=\"checkbox\" name=\"checkbox-1[]\" value=\"Me\u00f0m\u00e6li-fr\u00e1-vini-e\u00f0a-samstarfsmanni\" id=\"forminator-field-checkbox-1-3-69d00cc7a423b\" aria-labelledby=\"forminator-field-checkbox-1-3-69d00cc7a423b-label\" data-calculation=\"0\"   data-hidden-behavior=\"zero\"\/><span class=\"forminator-checkbox-box\" aria-hidden=\"true\"><\/span><span class=\"forminator-checkbox-label\">Me\u00f0m\u00e6li fr\u00e1 vini e\u00f0a samstarfsmanni<\/span><\/label><label id=\"forminator-field-checkbox-1-4-69d00cc7a423b-label\" for=\"forminator-field-checkbox-1-4-69d00cc7a423b\" class=\"forminator-checkbox\" title=\"\u00datvarp\"><input type=\"checkbox\" name=\"checkbox-1[]\" value=\"\u00datvarp\" id=\"forminator-field-checkbox-1-4-69d00cc7a423b\" aria-labelledby=\"forminator-field-checkbox-1-4-69d00cc7a423b-label\" data-calculation=\"0\"   data-hidden-behavior=\"zero\"\/><span class=\"forminator-checkbox-box\" aria-hidden=\"true\"><\/span><span class=\"forminator-checkbox-label\">\u00datvarp<\/span><\/label><label id=\"forminator-field-checkbox-1-5-69d00cc7a423b-label\" for=\"forminator-field-checkbox-1-5-69d00cc7a423b\" class=\"forminator-checkbox\" title=\"Anna\u00f0\"><input type=\"checkbox\" name=\"checkbox-1[]\" value=\"Anna\u00f0\" id=\"forminator-field-checkbox-1-5-69d00cc7a423b\" aria-labelledby=\"forminator-field-checkbox-1-5-69d00cc7a423b-label\" data-calculation=\"0\"   data-hidden-behavior=\"zero\"\/><span class=\"forminator-checkbox-box\" aria-hidden=\"true\"><\/span><span class=\"forminator-checkbox-label\">Anna\u00f0<\/span><\/label><\/div><\/div><\/div><div class=\"forminator-row\"><div id=\"section-3\" class=\"forminator-field-section forminator-col forminator-col-12 \"><div class=\"forminator-field\"><h3 class=\"forminator-subtitle\">\u00de\u00e1tttakendur f\u00e1 sendar uppl\u00fdsingar \u00ed t\u00f6lvup\u00f3sti til a\u00f0 byrja \u00e1 n\u00e1mskei\u00f0inu. ATH p\u00f3sturinn getur lent \u00ed ruslh\u00f3lfinu \/ spam<\/h3><\/div><\/div><\/div><div class=\"forminator-row\"><div id=\"section-2\" class=\"forminator-field-section forminator-col forminator-col-12 \"><div class=\"forminator-field\"><h2 class=\"forminator-title\">\u00de\u00c1TTTAKANDI<\/h2><h3 class=\"forminator-subtitle\">\u00deessu m\u00e1 sleppa ef grei\u00f0andi og \u00fe\u00e1tttakandi er einn og sami a\u00f0ili. Ef \u00fe\u00e1tttakendur eru fleiri en fj\u00f3rir skaltu hafa samband vi\u00f0 Gu\u00f0mund Kjerulf. &#8211; &#8211; &#8211; &#8211; &#8211; &#8211; VALDIR \u00de\u00da R\u00c9TT N\u00c1MSKEI\u00d0!<\/h3><\/div><\/div><\/div><div class=\"forminator-row\"><div id=\"name-3\" class=\"forminator-field-name forminator-col forminator-col-12 \"><div class=\"forminator-field\"><label for=\"forminator-field-name-3_69d00cc7a423b\" id=\"forminator-field-name-3_69d00cc7a423b-label\" class=\"forminator-label\">Nafn<\/label><input type=\"text\" name=\"name-3\" value=\"\" placeholder=\"\" id=\"forminator-field-name-3_69d00cc7a423b\" class=\"forminator-input forminator-name--field\" aria-required=\"false\" autocomplete=\"name\" \/><\/div><\/div><\/div><div class=\"forminator-row\"><div id=\"name-4\" class=\"forminator-field-name forminator-col forminator-col-4 \"><div class=\"forminator-field\"><label for=\"forminator-field-name-4_69d00cc7a423b\" id=\"forminator-field-name-4_69d00cc7a423b-label\" class=\"forminator-label\">Kennitala<\/label><input type=\"text\" name=\"name-4\" value=\"\" placeholder=\"\" id=\"forminator-field-name-4_69d00cc7a423b\" class=\"forminator-input forminator-name--field\" aria-required=\"false\" autocomplete=\"name\" \/><\/div><\/div><div id=\"phone-1\" class=\"forminator-field-phone forminator-col forminator-col-4 \"><div class=\"forminator-field\"><label for=\"forminator-field-phone-1_69d00cc7a423b\" id=\"forminator-field-phone-1_69d00cc7a423b-label\" class=\"forminator-label\">S\u00edmi <span class=\"forminator-required\">*<\/span><\/label><input type=\"text\" name=\"phone-1\" value=\"\" placeholder=\"\" id=\"forminator-field-phone-1_69d00cc7a423b\" class=\"forminator-input forminator-field--phone\" data-required=\"1\" aria-required=\"true\" autocomplete=\"off\" \/><\/div><\/div><div id=\"email-2\" class=\"forminator-field-email forminator-col forminator-col-4 \"><div class=\"forminator-field\"><label for=\"forminator-field-email-2_69d00cc7a423b\" id=\"forminator-field-email-2_69d00cc7a423b-label\" class=\"forminator-label\">Netfang<\/label><input type=\"email\" name=\"email-2\" value=\"\" placeholder=\"\" id=\"forminator-field-email-2_69d00cc7a423b\" class=\"forminator-input forminator-email--field\" data-required=\"\" aria-required=\"false\" autocomplete=\"email\" \/><\/div><\/div><\/div><div class=\"forminator-row\"><div id=\"name-7\" class=\"forminator-field-name forminator-col forminator-col-12 \"><div class=\"forminator-field\"><label for=\"forminator-field-name-7_69d00cc7a423b\" id=\"forminator-field-name-7_69d00cc7a423b-label\" class=\"forminator-label\">Nafn<\/label><input type=\"text\" name=\"name-7\" value=\"\" placeholder=\"\" id=\"forminator-field-name-7_69d00cc7a423b\" class=\"forminator-input forminator-name--field\" aria-required=\"false\" autocomplete=\"name\" \/><\/div><\/div><\/div><div class=\"forminator-row\"><div id=\"name-6\" class=\"forminator-field-name forminator-col forminator-col-4 \"><div class=\"forminator-field\"><label for=\"forminator-field-name-6_69d00cc7a423b\" id=\"forminator-field-name-6_69d00cc7a423b-label\" class=\"forminator-label\">Kennitala<\/label><input type=\"text\" name=\"name-6\" value=\"\" placeholder=\"\" id=\"forminator-field-name-6_69d00cc7a423b\" class=\"forminator-input forminator-name--field\" aria-required=\"false\" autocomplete=\"name\" \/><\/div><\/div><div id=\"phone-2\" class=\"forminator-field-phone forminator-col forminator-col-4 \"><div class=\"forminator-field\"><label for=\"forminator-field-phone-2_69d00cc7a423b\" id=\"forminator-field-phone-2_69d00cc7a423b-label\" class=\"forminator-label\">S\u00edmi<\/label><input type=\"text\" name=\"phone-2\" value=\"\" placeholder=\"\" id=\"forminator-field-phone-2_69d00cc7a423b\" class=\"forminator-input forminator-field--phone\" data-required=\"\" aria-required=\"false\" autocomplete=\"off\" \/><\/div><\/div><div id=\"email-3\" class=\"forminator-field-email forminator-col forminator-col-4 \"><div class=\"forminator-field\"><label for=\"forminator-field-email-3_69d00cc7a423b\" id=\"forminator-field-email-3_69d00cc7a423b-label\" class=\"forminator-label\">Netfang<\/label><input type=\"email\" name=\"email-3\" value=\"\" placeholder=\"\" id=\"forminator-field-email-3_69d00cc7a423b\" class=\"forminator-input forminator-email--field\" data-required=\"\" aria-required=\"false\" autocomplete=\"email\" \/><\/div><\/div><\/div><div class=\"forminator-row\"><div id=\"name-11\" class=\"forminator-field-name forminator-col forminator-col-12 \"><div class=\"forminator-field\"><label for=\"forminator-field-name-11_69d00cc7a423b\" id=\"forminator-field-name-11_69d00cc7a423b-label\" class=\"forminator-label\">Nafn<\/label><input type=\"text\" name=\"name-11\" value=\"\" placeholder=\"\" id=\"forminator-field-name-11_69d00cc7a423b\" class=\"forminator-input forminator-name--field\" aria-required=\"false\" autocomplete=\"name\" \/><\/div><\/div><\/div><div class=\"forminator-row\"><div id=\"name-8\" class=\"forminator-field-name forminator-col forminator-col-4 \"><div class=\"forminator-field\"><label for=\"forminator-field-name-8_69d00cc7a423b\" id=\"forminator-field-name-8_69d00cc7a423b-label\" class=\"forminator-label\">Kennitala<\/label><input type=\"text\" name=\"name-8\" value=\"\" placeholder=\"\" id=\"forminator-field-name-8_69d00cc7a423b\" class=\"forminator-input forminator-name--field\" aria-required=\"false\" autocomplete=\"name\" \/><\/div><\/div><div id=\"phone-3\" class=\"forminator-field-phone forminator-col forminator-col-4 \"><div class=\"forminator-field\"><label for=\"forminator-field-phone-3_69d00cc7a423b\" id=\"forminator-field-phone-3_69d00cc7a423b-label\" class=\"forminator-label\">S\u00edmi<\/label><input type=\"text\" name=\"phone-3\" value=\"\" placeholder=\"\" id=\"forminator-field-phone-3_69d00cc7a423b\" class=\"forminator-input forminator-field--phone\" data-required=\"\" aria-required=\"false\" autocomplete=\"off\" \/><\/div><\/div><div id=\"email-4\" class=\"forminator-field-email forminator-col forminator-col-4 \"><div class=\"forminator-field\"><label for=\"forminator-field-email-4_69d00cc7a423b\" id=\"forminator-field-email-4_69d00cc7a423b-label\" class=\"forminator-label\">Netfang<\/label><input type=\"email\" name=\"email-4\" value=\"\" placeholder=\"\" id=\"forminator-field-email-4_69d00cc7a423b\" class=\"forminator-input forminator-email--field\" data-required=\"\" aria-required=\"false\" autocomplete=\"email\" \/><\/div><\/div><\/div><div class=\"forminator-row\"><div id=\"name-9\" class=\"forminator-field-name forminator-col forminator-col-12 \"><div class=\"forminator-field\"><label for=\"forminator-field-name-9_69d00cc7a423b\" id=\"forminator-field-name-9_69d00cc7a423b-label\" class=\"forminator-label\">Nafn<\/label><input type=\"text\" name=\"name-9\" value=\"\" placeholder=\"\" id=\"forminator-field-name-9_69d00cc7a423b\" class=\"forminator-input forminator-name--field\" aria-required=\"false\" autocomplete=\"name\" \/><\/div><\/div><\/div><div class=\"forminator-row\"><div id=\"name-10\" class=\"forminator-field-name forminator-col forminator-col-4 \"><div class=\"forminator-field\"><label for=\"forminator-field-name-10_69d00cc7a423b\" id=\"forminator-field-name-10_69d00cc7a423b-label\" class=\"forminator-label\">Kennitala<\/label><input type=\"text\" name=\"name-10\" value=\"\" placeholder=\"\" id=\"forminator-field-name-10_69d00cc7a423b\" class=\"forminator-input forminator-name--field\" aria-required=\"false\" autocomplete=\"name\" \/><\/div><\/div><div id=\"phone-4\" class=\"forminator-field-phone forminator-col forminator-col-4 \"><div class=\"forminator-field\"><label for=\"forminator-field-phone-4_69d00cc7a423b\" id=\"forminator-field-phone-4_69d00cc7a423b-label\" class=\"forminator-label\">S\u00edmi<\/label><input type=\"text\" name=\"phone-4\" value=\"\" placeholder=\"\" id=\"forminator-field-phone-4_69d00cc7a423b\" class=\"forminator-input forminator-field--phone\" data-required=\"\" aria-required=\"false\" autocomplete=\"off\" \/><\/div><\/div><div id=\"email-5\" class=\"forminator-field-email forminator-col forminator-col-4 \"><div class=\"forminator-field\"><label for=\"forminator-field-email-5_69d00cc7a423b\" id=\"forminator-field-email-5_69d00cc7a423b-label\" class=\"forminator-label\">Netfang<\/label><input type=\"email\" name=\"email-5\" value=\"\" placeholder=\"\" id=\"forminator-field-email-5_69d00cc7a423b\" class=\"forminator-input forminator-email--field\" data-required=\"\" aria-required=\"false\" autocomplete=\"email\" \/><\/div><\/div><\/div><input type=\"hidden\" name=\"referer_url\" value=\"\" \/><div class=\"forminator-row forminator-row-last\"><div class=\"forminator-col\"><div class=\"forminator-field\"><button class=\"forminator-button forminator-button-submit\">Senda<\/button><\/div><\/div><\/div><input type=\"hidden\" id=\"forminator_nonce\" name=\"forminator_nonce\" value=\"408f46fbad\" \/><input type=\"hidden\" name=\"_wp_http_referer\" value=\"\/index.php\/wp-json\/wp\/v2\/pages\/340\" \/><input type=\"hidden\" name=\"form_id\" value=\"336\"><input type=\"hidden\" name=\"page_id\" value=\"340\"><input type=\"hidden\" name=\"form_type\" value=\"default\"><input type=\"hidden\" name=\"current_url\" value=\"https:\/\/vinnuverndarnamskeid.is\/index.php\/skraning\/\"><input type=\"hidden\" name=\"render_id\" value=\"0\"><input type=\"hidden\" name=\"action\" value=\"forminator_submit_form_custom-forms\"><\/form><\/div>\n\t\t\t\t\t\t\t\t<\/div>\n\t\t\t\t<\/div>\n\t\t\t\t\t<\/div>\n\t\t<\/div>\n\t\t\t\t<div class=\"elementor-column elementor-col-33 elementor-top-column elementor-element elementor-element-118c0bf\" data-id=\"118c0bf\" data-element_type=\"column\" data-e-type=\"column\">\n\t\t\t<div class=\"elementor-widget-wrap\">\n\t\t\t\t\t\t\t<\/div>\n\t\t<\/div>\n\t\t\t\t\t<\/div>\n\t\t<\/section>\n\t\t\t\t<\/div>\n\t\t","protected":false},"excerpt":{"rendered":"","protected":false},"author":1,"featured_media":0,"parent":0,"menu_order":0,"comment_status":"closed","ping_status":"closed","template":"elementor_header_footer","meta":{"footnotes":""},"class_list":["post-340","page","type-page","status-publish","hentry"],"blocksy_meta":{"styles_descriptor":{"styles":{"desktop":"","tablet":"","mobile":""},"google_fonts":[],"version":6}},"_links":{"self":[{"href":"https:\/\/vinnuverndarnamskeid.is\/index.php\/wp-json\/wp\/v2\/pages\/340","targetHints":{"allow":["GET"]}}],"collection":[{"href":"https:\/\/vinnuverndarnamskeid.is\/index.php\/wp-json\/wp\/v2\/pages"}],"about":[{"href":"https:\/\/vinnuverndarnamskeid.is\/index.php\/wp-json\/wp\/v2\/types\/page"}],"author":[{"embeddable":true,"href":"https:\/\/vinnuverndarnamskeid.is\/index.php\/wp-json\/wp\/v2\/users\/1"}],"replies":[{"embeddable":true,"href":"https:\/\/vinnuverndarnamskeid.is\/index.php\/wp-json\/wp\/v2\/comments?post=340"}],"version-history":[{"count":8,"href":"https:\/\/vinnuverndarnamskeid.is\/index.php\/wp-json\/wp\/v2\/pages\/340\/revisions"}],"predecessor-version":[{"id":561,"href":"https:\/\/vinnuverndarnamskeid.is\/index.php\/wp-json\/wp\/v2\/pages\/340\/revisions\/561"}],"wp:attachment":[{"href":"https:\/\/vinnuverndarnamskeid.is\/index.php\/wp-json\/wp\/v2\/media?parent=340"}],"curies":[{"name":"wp","href":"https:\/\/api.w.org\/{rel}","templated":true}]}}