{"id":3847,"date":"2023-08-31T21:05:47","date_gmt":"2023-08-31T21:05:47","guid":{"rendered":"https:\/\/vinnuverndarnamskeid.is\/?page_id=3847"},"modified":"2026-03-09T10:15:57","modified_gmt":"2026-03-09T10:15:57","slug":"salfelagslegt-vinnuumhverfi","status":"publish","type":"page","link":"https:\/\/vinnuverndarnamskeid.is\/index.php\/salfelagslegt-vinnuumhverfi\/","title":{"rendered":"S\u00e1lf\u00e9lagslegt vinnuumhverfi"},"content":{"rendered":"\t\t<div data-elementor-type=\"wp-page\" data-elementor-id=\"3847\" class=\"elementor elementor-3847\">\n\t\t\t\t\t\t<section class=\"elementor-section elementor-top-section elementor-element elementor-element-90d1c53 ct-section-stretched elementor-section-full_width elementor-section-height-min-height elementor-section-height-default elementor-section-items-middle\" data-id=\"90d1c53\" data-element_type=\"section\" data-e-type=\"section\" data-settings=\"{&quot;background_background&quot;:&quot;classic&quot;}\">\n\t\t\t\t\t\t<div class=\"elementor-container elementor-column-gap-default\">\n\t\t\t\t\t<div class=\"elementor-column elementor-col-100 elementor-top-column elementor-element elementor-element-63be722d\" data-id=\"63be722d\" data-element_type=\"column\" data-e-type=\"column\">\n\t\t\t<div class=\"elementor-widget-wrap elementor-element-populated\">\n\t\t\t\t\t\t<div class=\"elementor-element elementor-element-13daa320 elementor-widget elementor-widget-heading\" data-id=\"13daa320\" data-element_type=\"widget\" data-e-type=\"widget\" data-widget_type=\"heading.default\">\n\t\t\t\t<div class=\"elementor-widget-container\">\n\t\t\t\t\t<h1 class=\"elementor-heading-title elementor-size-default\">S\u00e1lf\u00e9lagslegt vinnuumhverfi, einelti og \u00e1reitni<\/h1>\t\t\t\t<\/div>\n\t\t\t\t<\/div>\n\t\t\t\t\t<\/div>\n\t\t<\/div>\n\t\t\t\t\t<\/div>\n\t\t<\/section>\n\t\t\t\t<section class=\"elementor-section elementor-top-section elementor-element elementor-element-59a5b26f elementor-section-boxed elementor-section-height-default elementor-section-height-default\" data-id=\"59a5b26f\" data-element_type=\"section\" data-e-type=\"section\">\n\t\t\t\t\t\t<div class=\"elementor-container elementor-column-gap-no\">\n\t\t\t\t\t<div class=\"elementor-column elementor-col-50 elementor-top-column elementor-element elementor-element-22c79216\" data-id=\"22c79216\" data-element_type=\"column\" data-e-type=\"column\">\n\t\t\t<div class=\"elementor-widget-wrap elementor-element-populated\">\n\t\t\t\t\t\t<div class=\"elementor-element elementor-element-53f4a87f elementor-widget elementor-widget-text-editor\" data-id=\"53f4a87f\" data-element_type=\"widget\" data-e-type=\"widget\" data-widget_type=\"text-editor.default\">\n\t\t\t\t<div class=\"elementor-widget-container\">\n\t\t\t\t\t\t\t\t\t<h4><span style=\"color: #ffcc00;\">Uppl\u00fdsingar<\/span><\/h4><p style=\"font-weight: 400;\">Hva\u00f0 er s\u00e1lf\u00e9lagslegt vinnuumhverfi? Hvernig er h\u00e6gt a\u00f0 gera \u00e1h\u00e6ttumat vegna s\u00e1lf\u00e9lagslegs vinnuumhverfis? Hva\u00f0 er einelti og \u00e1reitni? Vinnuverndarl\u00f6gin nr. 46\/1980 og regluger\u00f0 um einelti og \u00e1reitni \u00e1 vinnusta\u00f0 nr. 1009\/2015 eru kynnt. Hverjir ver\u00f0a fyrir einelti og \u00e1reitni? Hva\u00f0 geta vinnusta\u00f0ir gert til a\u00f0 fyrirbyggja einelti og \u00e1reitni. Fjalla\u00f0 er um mikilv\u00e6gi \u00feess a\u00f0 taka markvisst \u00e1 sl\u00edkum m\u00e1lum komi \u00feau upp. Einnig ver\u00f0ur s\u00fdnd og fjalla\u00f0 um vanda\u00f0a \u201cstefnu og vi\u00f0brag\u00f0s\u00e1\u00e6tlun\u201d vegna eineltis og \u00e1reitni.<\/p><p style=\"font-weight: 400;\"><strong>Fyrir hverja er n\u00e1mskei\u00f0i\u00f0?<\/strong><\/p><p><span style=\"font-weight: 400;\">Alla sem vilja \u00f6\u00f0last meiri \u00feekkingu \u00e1 s\u00e1lf\u00e9lagslegu vinnuumhverfi, einelti, \u00e1reitini og \u00e1h\u00e6ttumati vegna sl\u00edkra m\u00e1la.\u00a0<\/span><\/p><p style=\"font-weight: 400;\"><strong>\u00c1vinningur<\/strong><\/p><p style=\"font-weight: 400;\">Aukin \u00feekking \u00e1 s\u00e1lf\u00e9lagslegu vinnuumhverfi, einelti og \u00e1reitni, frekari t\u00e6kif\u00e6ri til a\u00f0 koma \u00ed veg fyrir a\u00f0 sl\u00edk m\u00e1l komi upp.<\/p>\t\t\t\t\t\t\t\t<\/div>\n\t\t\t\t<\/div>\n\t\t\t\t\t<\/div>\n\t\t<\/div>\n\t\t\t\t<div class=\"elementor-column elementor-col-50 elementor-top-column elementor-element elementor-element-977f088\" data-id=\"977f088\" data-element_type=\"column\" data-e-type=\"column\">\n\t\t\t<div class=\"elementor-widget-wrap elementor-element-populated\">\n\t\t\t\t\t\t<div class=\"elementor-element elementor-element-3bde65f0 elementor-widget elementor-widget-text-editor\" data-id=\"3bde65f0\" data-element_type=\"widget\" data-e-type=\"widget\" data-widget_type=\"text-editor.default\">\n\t\t\t\t<div class=\"elementor-widget-container\">\n\t\t\t\t\t\t\t\t\t<p style=\"font-weight: 400;\">H\u00e6gt er a\u00f0 halda n\u00e1mskei\u00f0i\u00f0 fyrir einst\u00f6k fyrirt\u00e6ki eftir n\u00e1nara samkomulagi.<\/p><p>N\u00e1mskei\u00f0i\u00f0 er kennt \u00ed fjarfundi gegnum Google Meet.<\/p><p style=\"font-weight: 400;\"><strong>N\u00e6sta n\u00e1mskei\u00f0: <\/strong><\/p><ul><li>21. desember 2026, klukkan 13:00 til 15:00<\/li><\/ul><p style=\"font-weight: 400;\"><strong>Lengd:\u00a0<\/strong>2 klst. \u00e1 Google Meet.<\/p><p>Ver\u00f0: <strong>22.600 kr<\/strong>. \u00e1 mann, gefinn er afsl\u00e1ttur fyrir h\u00f3pa.<\/p><p>Flest\u00a0st\u00e9ttarf\u00e9l\u00f6g, Virk, Rafmennt, I\u00f0an, Vinnum\u00e1lastofnun og \u00c1ttin veita styrki fyrir n\u00e1mskei\u00f0inu e\u00f0a hluta \u00feess.<\/p>\t\t\t\t\t\t\t\t<\/div>\n\t\t\t\t<\/div>\n\t\t\t\t<div class=\"elementor-element elementor-element-37b43cd elementor-mobile-align-justify elementor-align-justify elementor-widget elementor-widget-button\" data-id=\"37b43cd\" data-element_type=\"widget\" data-e-type=\"widget\" data-widget_type=\"button.default\">\n\t\t\t\t<div class=\"elementor-widget-container\">\n\t\t\t\t\t\t\t\t\t<div class=\"elementor-button-wrapper\">\n\t\t\t\t\t<a class=\"elementor-button elementor-button-link elementor-size-sm\" href=\"https:\/\/vinnuverndarnamskeid.is\/index.php\/skraning\/\">\n\t\t\t\t\t\t<span class=\"elementor-button-content-wrapper\">\n\t\t\t\t\t\t\t\t\t<span class=\"elementor-button-text\">Skr\u00e1ning<\/span>\n\t\t\t\t\t<\/span>\n\t\t\t\t\t<\/a>\n\t\t\t\t<\/div>\n\t\t\t\t\t\t\t\t<\/div>\n\t\t\t\t<\/div>\n\t\t\t\t\t<\/div>\n\t\t<\/div>\n\t\t\t\t\t<\/div>\n\t\t<\/section>\n\t\t\t\t<\/div>\n\t\t","protected":false},"excerpt":{"rendered":"<p>S\u00e1lf\u00e9lagslegt vinnuumhverfi, einelti og \u00e1reitni Uppl\u00fdsingar Hva\u00f0 er s\u00e1lf\u00e9lagslegt vinnuumhverfi? Hvernig er h\u00e6gt a\u00f0 gera \u00e1h\u00e6ttumat vegna s\u00e1lf\u00e9lagslegs vinnuumhverfis? Hva\u00f0 er einelti og \u00e1reitni? Vinnuverndarl\u00f6gin nr. 46\/1980 og regluger\u00f0 um einelti og \u00e1reitni \u00e1 vinnusta\u00f0 nr. 1009\/2015 eru kynnt. Hverjir ver\u00f0a fyrir einelti og \u00e1reitni? Hva\u00f0 geta vinnusta\u00f0ir gert til a\u00f0 fyrirbyggja einelti og \u00e1reitni. [&hellip;]<\/p>\n","protected":false},"author":1,"featured_media":0,"parent":0,"menu_order":0,"comment_status":"closed","ping_status":"closed","template":"","meta":{"footnotes":""},"class_list":["post-3847","page","type-page","status-publish","hentry"],"blocksy_meta":[],"_links":{"self":[{"href":"https:\/\/vinnuverndarnamskeid.is\/index.php\/wp-json\/wp\/v2\/pages\/3847","targetHints":{"allow":["GET"]}}],"collection":[{"href":"https:\/\/vinnuverndarnamskeid.is\/index.php\/wp-json\/wp\/v2\/pages"}],"about":[{"href":"https:\/\/vinnuverndarnamskeid.is\/index.php\/wp-json\/wp\/v2\/types\/page"}],"author":[{"embeddable":true,"href":"https:\/\/vinnuverndarnamskeid.is\/index.php\/wp-json\/wp\/v2\/users\/1"}],"replies":[{"embeddable":true,"href":"https:\/\/vinnuverndarnamskeid.is\/index.php\/wp-json\/wp\/v2\/comments?post=3847"}],"version-history":[{"count":82,"href":"https:\/\/vinnuverndarnamskeid.is\/index.php\/wp-json\/wp\/v2\/pages\/3847\/revisions"}],"predecessor-version":[{"id":6925,"href":"https:\/\/vinnuverndarnamskeid.is\/index.php\/wp-json\/wp\/v2\/pages\/3847\/revisions\/6925"}],"wp:attachment":[{"href":"https:\/\/vinnuverndarnamskeid.is\/index.php\/wp-json\/wp\/v2\/media?parent=3847"}],"curies":[{"name":"wp","href":"https:\/\/api.w.org\/{rel}","templated":true}]}}