{"id":4501,"date":"2024-02-26T23:57:14","date_gmt":"2024-02-26T23:57:14","guid":{"rendered":"https:\/\/vinnuverndarnamskeid.is\/?page_id=4501"},"modified":"2026-03-17T13:52:25","modified_gmt":"2026-03-17T13:52:25","slug":"skilyrdi-grunnnamskeids-vinnuvela","status":"publish","type":"page","link":"https:\/\/vinnuverndarnamskeid.is\/index.php\/skilyrdi-grunnnamskeids-vinnuvela\/","title":{"rendered":"Skilyr\u00f0i Grunnn\u00e1mskei\u00f0s vinnuv\u00e9la"},"content":{"rendered":"\t\t<div data-elementor-type=\"wp-page\" data-elementor-id=\"4501\" class=\"elementor elementor-4501\">\n\t\t\t\t\t\t<section class=\"elementor-section elementor-top-section elementor-element elementor-element-1731b9e1 elementor-section-boxed elementor-section-height-default elementor-section-height-default\" data-id=\"1731b9e1\" data-element_type=\"section\" data-e-type=\"section\">\n\t\t\t\t\t\t<div class=\"elementor-container elementor-column-gap-no\">\n\t\t\t\t\t<div class=\"elementor-column elementor-col-100 elementor-top-column elementor-element elementor-element-7feb74f5\" data-id=\"7feb74f5\" data-element_type=\"column\" data-e-type=\"column\">\n\t\t\t<div class=\"elementor-widget-wrap elementor-element-populated\">\n\t\t\t\t\t\t<div class=\"elementor-element elementor-element-733bbb3b elementor-widget elementor-widget-heading\" data-id=\"733bbb3b\" data-element_type=\"widget\" data-e-type=\"widget\" data-widget_type=\"heading.default\">\n\t\t\t\t<div class=\"elementor-widget-container\">\n\t\t\t\t\t<h4 class=\"elementor-heading-title elementor-size-default\">Skilyr\u00f0i n\u00e1mskei\u00f0sins<\/h4>\t\t\t\t<\/div>\n\t\t\t\t<\/div>\n\t\t\t\t<div class=\"elementor-element elementor-element-186883ef elementor-widget elementor-widget-text-editor\" data-id=\"186883ef\" data-element_type=\"widget\" data-e-type=\"widget\" data-widget_type=\"text-editor.default\">\n\t\t\t\t<div class=\"elementor-widget-container\">\n\t\t\t\t\t\t\t\t\t<p style=\"font-weight: 400;\">Byrja\u00f0ur borgar<\/p><p style=\"font-weight: 400;\">\u00de\u00e1tttakendur sem hafa fengi\u00f0 send g\u00f6gn til a\u00f0 skr\u00e1 sig inn \u00e1 n\u00e1mskei\u00f0i\u00f0, en hafa aldrei skr\u00e1\u00f0 sig inn, geta fengi\u00f0 n\u00e1mskei\u00f0i\u00f0 endurgreitt s\u00e9u \u00feeir b\u00fanir a\u00f0 borga n\u00e1mskei\u00f0i\u00f0. \u00deegar \u00fe\u00e1tttakendur hafa skr\u00e1\u00f0 sig inn \u00e1 Moodle kerfi n\u00e1mskei\u00f0sins eiga \u00feeir ekki r\u00e9tt \u00e1 a\u00f0 f\u00e1 n\u00e1mskei\u00f0i\u00f0 endurgreitt \u00fe\u00f3tt \u00feeir lj\u00faki n\u00e1mskei\u00f0inu ekki.<\/p><p style=\"font-weight: 400;\"><strong>\u00de\u00e1tttakendur sem hafa veri\u00f0 \u00f3virkir inni \u00e1 Moodlekerfinu \u00ed 365 daga e\u00f0a meira ver\u00f0a teknir \u00fat af kerfin<\/strong><\/p>\t\t\t\t\t\t\t\t<\/div>\n\t\t\t\t<\/div>\n\t\t\t\t\t<\/div>\n\t\t<\/div>\n\t\t\t\t\t<\/div>\n\t\t<\/section>\n\t\t\t\t<\/div>\n\t\t","protected":false},"excerpt":{"rendered":"<p>Skilyr\u00f0i n\u00e1mskei\u00f0sins Byrja\u00f0ur borgar \u00de\u00e1tttakendur sem hafa fengi\u00f0 send g\u00f6gn til a\u00f0 skr\u00e1 sig inn \u00e1 n\u00e1mskei\u00f0i\u00f0, en hafa aldrei skr\u00e1\u00f0 sig inn, geta fengi\u00f0 n\u00e1mskei\u00f0i\u00f0 endurgreitt s\u00e9u \u00feeir b\u00fanir a\u00f0 borga n\u00e1mskei\u00f0i\u00f0. \u00deegar \u00fe\u00e1tttakendur hafa skr\u00e1\u00f0 sig inn \u00e1 Moodle kerfi n\u00e1mskei\u00f0sins eiga \u00feeir ekki r\u00e9tt \u00e1 a\u00f0 f\u00e1 n\u00e1mskei\u00f0i\u00f0 endurgreitt \u00fe\u00f3tt \u00feeir lj\u00faki [&hellip;]<\/p>\n","protected":false},"author":1,"featured_media":0,"parent":0,"menu_order":0,"comment_status":"closed","ping_status":"closed","template":"","meta":{"footnotes":""},"class_list":["post-4501","page","type-page","status-publish","hentry"],"blocksy_meta":[],"_links":{"self":[{"href":"https:\/\/vinnuverndarnamskeid.is\/index.php\/wp-json\/wp\/v2\/pages\/4501","targetHints":{"allow":["GET"]}}],"collection":[{"href":"https:\/\/vinnuverndarnamskeid.is\/index.php\/wp-json\/wp\/v2\/pages"}],"about":[{"href":"https:\/\/vinnuverndarnamskeid.is\/index.php\/wp-json\/wp\/v2\/types\/page"}],"author":[{"embeddable":true,"href":"https:\/\/vinnuverndarnamskeid.is\/index.php\/wp-json\/wp\/v2\/users\/1"}],"replies":[{"embeddable":true,"href":"https:\/\/vinnuverndarnamskeid.is\/index.php\/wp-json\/wp\/v2\/comments?post=4501"}],"version-history":[{"count":22,"href":"https:\/\/vinnuverndarnamskeid.is\/index.php\/wp-json\/wp\/v2\/pages\/4501\/revisions"}],"predecessor-version":[{"id":6971,"href":"https:\/\/vinnuverndarnamskeid.is\/index.php\/wp-json\/wp\/v2\/pages\/4501\/revisions\/6971"}],"wp:attachment":[{"href":"https:\/\/vinnuverndarnamskeid.is\/index.php\/wp-json\/wp\/v2\/media?parent=4501"}],"curies":[{"name":"wp","href":"https:\/\/api.w.org\/{rel}","templated":true}]}}