{"id":4680,"date":"2024-04-08T21:38:38","date_gmt":"2024-04-08T21:38:38","guid":{"rendered":"https:\/\/vinnuverndarnamskeid.is\/?page_id=4680"},"modified":"2024-04-08T21:54:43","modified_gmt":"2024-04-08T21:54:43","slug":"vinnuvernd-101","status":"publish","type":"page","link":"https:\/\/vinnuverndarnamskeid.is\/index.php\/vinnuvernd-101\/","title":{"rendered":"Vinnuvernd 101"},"content":{"rendered":"\t\t<div data-elementor-type=\"wp-page\" data-elementor-id=\"4680\" class=\"elementor elementor-4680\">\n\t\t\t\t\t\t<section class=\"elementor-section elementor-top-section elementor-element elementor-element-e982e10 ct-section-stretched elementor-section-full_width elementor-section-height-min-height elementor-section-height-default elementor-section-items-middle\" data-id=\"e982e10\" data-element_type=\"section\" data-e-type=\"section\" data-settings=\"{&quot;background_background&quot;:&quot;classic&quot;}\">\n\t\t\t\t\t\t<div class=\"elementor-container elementor-column-gap-default\">\n\t\t\t\t\t<div class=\"elementor-column elementor-col-100 elementor-top-column elementor-element elementor-element-68e808fd\" data-id=\"68e808fd\" data-element_type=\"column\" data-e-type=\"column\">\n\t\t\t<div class=\"elementor-widget-wrap elementor-element-populated\">\n\t\t\t\t\t\t<div class=\"elementor-element elementor-element-653d7f77 elementor-widget elementor-widget-heading\" data-id=\"653d7f77\" data-element_type=\"widget\" data-e-type=\"widget\" data-widget_type=\"heading.default\">\n\t\t\t\t<div class=\"elementor-widget-container\">\n\t\t\t\t\t<h1 class=\"elementor-heading-title elementor-size-default\">Vinnuvernd 101 <\/h1>\t\t\t\t<\/div>\n\t\t\t\t<\/div>\n\t\t\t\t\t<\/div>\n\t\t<\/div>\n\t\t\t\t\t<\/div>\n\t\t<\/section>\n\t\t\t\t<section class=\"elementor-section elementor-top-section elementor-element elementor-element-27986f9d elementor-section-boxed elementor-section-height-default elementor-section-height-default\" data-id=\"27986f9d\" data-element_type=\"section\" data-e-type=\"section\">\n\t\t\t\t\t\t<div class=\"elementor-container elementor-column-gap-no\">\n\t\t\t\t\t<div class=\"elementor-column elementor-col-50 elementor-top-column elementor-element elementor-element-1c5bf520\" data-id=\"1c5bf520\" data-element_type=\"column\" data-e-type=\"column\">\n\t\t\t<div class=\"elementor-widget-wrap elementor-element-populated\">\n\t\t\t\t\t\t<div class=\"elementor-element elementor-element-2bf84684 elementor-widget elementor-widget-text-editor\" data-id=\"2bf84684\" data-element_type=\"widget\" data-e-type=\"widget\" data-widget_type=\"text-editor.default\">\n\t\t\t\t<div class=\"elementor-widget-container\">\n\t\t\t\t\t\t\t\t\t<p style=\"font-weight: 400;\">N\u00e1mskei\u00f0i\u00f0 fjallar um grundvallaratri\u00f0i \u00ed starfsumhverfi og vinnuskipulagi til a\u00f0 stu\u00f0la a\u00f0 \u00f6ryggi og vell\u00ed\u00f0an starfsf\u00f3lks. <strong>N\u00e1mskei\u00f0i\u00f0 er hugsa\u00f0 fyrir allt starfsf\u00f3lk vinnusta\u00f0a<\/strong> til a\u00f0 allir hafi brei\u00f0a almenna \u00feekkingu \u00e1 vinnuvernd og \u00f6ryggism\u00e1lum. Fjalla\u00f0 ver\u00f0ur um \u00fea\u00f0 sem l\u00f6g og regluger\u00f0ir segja a\u00f0 allir vinnusta\u00f0ir ver\u00f0i a\u00f0 uppfylla.\u00a0<\/p><p style=\"font-weight: 400;\">\u00c1 n\u00e1mskei\u00f0inu ver\u00f0ur fari\u00f0 yfir \u00fea\u00f0 sem skiptir mestu m\u00e1li \u00e1 stuttan og snarpan m\u00e1ta, m.a. ver\u00f0ur fjalla\u00f0 um:<\/p><ul><li>Vinnuverndarstarf sem \u00fearf a\u00f0 fara fram \u00e1 \u00f6llum vinnust\u00f6\u00f0um<\/li><li>Skipan og hlutverk \u00f6ryggisnefnda, \u00f6ryggistr\u00fana\u00f0armanna og \u00f6ryggisvar\u00f0a<\/li><li>Skipulag og kr\u00f6fur var\u00f0andi \u00e1h\u00e6ttumat starfa<\/li><li>Hva\u00f0a vinnuslys \u00e1 a\u00f0 skr\u00e1 og tilkynna<\/li><li>Helstu forvarnir vegna vinnuslysa<\/li><li>S\u00e1lf\u00e9lagslegt \u00e1h\u00e6ttumat, stefnu og vi\u00f0brag\u00f0s\u00e1\u00e6tlun vegna eineltis og \u00e1reitni<\/li><li>L\u00edkamlegt \u00e1lag, h\u00e1va\u00f0a, loftr\u00e6stingu og me\u00f0fer\u00f0 h\u00e6ttulegra efna<\/li><\/ul><p style=\"font-weight: 400;\">\u00de\u00e1tttakendur f\u00e1 send n\u00e1msg\u00f6gn \u00ed t\u00f6lvup\u00f3sti, linka \u00e1 b\u00e6klinga sem \u00feeir lesa og 7 fyrirlestra, samtals um 40 m\u00edn. sem \u00feeir horfa \u00e1. A\u00f0 lokum taka \u00fe\u00e1tttakendur stutt krossapr\u00f3f \u00far efninu.\u00a0 \u00a0 \u00a0 \u00a0 \u00a0 \u00a0 \u00a0 \u00a0 \u00a0 \u00a0 \u00a0 \u00a0 \u00a0 \u00a0 \u00a0 \u00a0 \u00a0 \u00a0 \u00a0 \u00a0 \u00a0 \u00a0 \u00a0 \u00a0 \u00a0<\/p>\t\t\t\t\t\t\t\t<\/div>\n\t\t\t\t<\/div>\n\t\t\t\t\t<\/div>\n\t\t<\/div>\n\t\t\t\t<div class=\"elementor-column elementor-col-50 elementor-top-column elementor-element elementor-element-2891152\" data-id=\"2891152\" data-element_type=\"column\" data-e-type=\"column\">\n\t\t\t<div class=\"elementor-widget-wrap elementor-element-populated\">\n\t\t\t\t\t\t<div class=\"elementor-element elementor-element-29ea0e8 elementor-widget elementor-widget-heading\" data-id=\"29ea0e8\" data-element_type=\"widget\" data-e-type=\"widget\" data-widget_type=\"heading.default\">\n\t\t\t\t<div class=\"elementor-widget-container\">\n\t\t\t\t\t<h4 class=\"elementor-heading-title elementor-size-default\">Ver\u00f0 og uppl\u00fdsingar<\/h4>\t\t\t\t<\/div>\n\t\t\t\t<\/div>\n\t\t\t\t<div class=\"elementor-element elementor-element-22bb081e elementor-widget elementor-widget-text-editor\" data-id=\"22bb081e\" data-element_type=\"widget\" data-e-type=\"widget\" data-widget_type=\"text-editor.default\">\n\t\t\t\t<div class=\"elementor-widget-container\">\n\t\t\t\t\t\t\t\t\t<p style=\"font-weight: 400;\"><strong>Ver\u00f0:<\/strong> 19.700 kr \u00e1 mann, gefinn er afsl\u00e1ttur fyrir h\u00f3pa.<\/p><p style=\"font-weight: 400;\"><strong>Hvar:<\/strong> N\u00e1mskei\u00f0i\u00f0 er alltaf a\u00f0gengilegt \u00ed fullu fjarn\u00e1mi.<\/p><p style=\"font-weight: 400;\"><strong>Hvernig:<\/strong> N\u00e1mskei\u00f0i\u00f0 fer fram \u00ed fullu fjarn\u00e1mi (Online). \u00dea\u00f0 er h\u00e6gt a\u00f0 byrja og l\u00e6ra \u00feegar f\u00f3lk vill.\u00a0<\/p><p style=\"font-weight: 400;\"><strong>Ni\u00f0urgrei\u00f0sla:<\/strong> Flest st\u00e9ttarf\u00e9l\u00f6g, Virk, Rafmennt, I\u00f0an, Vinnum\u00e1lastofnun og \u00c1ttin veita styrki fyrir n\u00e1mskei\u00f0inu e\u00f0a hluta \u00feess.<\/p><p style=\"font-weight: 400;\"><strong>\u00c1vinningur<\/strong> \u00de\u00e1tttakendur f\u00e1 brei\u00f0a, almenna \u00feekkingu \u00e1 vinnuvernd og \u00f6ryggism\u00e1lum \u00e1 stuttum t\u00edma.<\/p>\t\t\t\t\t\t\t\t<\/div>\n\t\t\t\t<\/div>\n\t\t\t\t<div class=\"elementor-element elementor-element-10f8b6f elementor-mobile-align-justify elementor-align-justify elementor-widget elementor-widget-button\" data-id=\"10f8b6f\" data-element_type=\"widget\" data-e-type=\"widget\" data-widget_type=\"button.default\">\n\t\t\t\t<div class=\"elementor-widget-container\">\n\t\t\t\t\t\t\t\t\t<div class=\"elementor-button-wrapper\">\n\t\t\t\t\t<a class=\"elementor-button elementor-button-link elementor-size-sm\" href=\"https:\/\/vinnuverndarnamskeid.is\/index.php\/skraning\/\">\n\t\t\t\t\t\t<span class=\"elementor-button-content-wrapper\">\n\t\t\t\t\t\t\t\t\t<span class=\"elementor-button-text\">Skr\u00e1ning<\/span>\n\t\t\t\t\t<\/span>\n\t\t\t\t\t<\/a>\n\t\t\t\t<\/div>\n\t\t\t\t\t\t\t\t<\/div>\n\t\t\t\t<\/div>\n\t\t\t\t\t<\/div>\n\t\t<\/div>\n\t\t\t\t\t<\/div>\n\t\t<\/section>\n\t\t\t\t<\/div>\n\t\t","protected":false},"excerpt":{"rendered":"<p>Vinnuvernd 101 N\u00e1mskei\u00f0i\u00f0 fjallar um grundvallaratri\u00f0i \u00ed starfsumhverfi og vinnuskipulagi til a\u00f0 stu\u00f0la a\u00f0 \u00f6ryggi og vell\u00ed\u00f0an starfsf\u00f3lks. N\u00e1mskei\u00f0i\u00f0 er hugsa\u00f0 fyrir allt starfsf\u00f3lk vinnusta\u00f0a til a\u00f0 allir hafi brei\u00f0a almenna \u00feekkingu \u00e1 vinnuvernd og \u00f6ryggism\u00e1lum. Fjalla\u00f0 ver\u00f0ur um \u00fea\u00f0 sem l\u00f6g og regluger\u00f0ir segja a\u00f0 allir vinnusta\u00f0ir ver\u00f0i a\u00f0 uppfylla.\u00a0 \u00c1 n\u00e1mskei\u00f0inu ver\u00f0ur fari\u00f0 [&hellip;]<\/p>\n","protected":false},"author":1,"featured_media":0,"parent":0,"menu_order":0,"comment_status":"closed","ping_status":"closed","template":"","meta":{"footnotes":""},"class_list":["post-4680","page","type-page","status-publish","hentry"],"blocksy_meta":[],"_links":{"self":[{"href":"https:\/\/vinnuverndarnamskeid.is\/index.php\/wp-json\/wp\/v2\/pages\/4680","targetHints":{"allow":["GET"]}}],"collection":[{"href":"https:\/\/vinnuverndarnamskeid.is\/index.php\/wp-json\/wp\/v2\/pages"}],"about":[{"href":"https:\/\/vinnuverndarnamskeid.is\/index.php\/wp-json\/wp\/v2\/types\/page"}],"author":[{"embeddable":true,"href":"https:\/\/vinnuverndarnamskeid.is\/index.php\/wp-json\/wp\/v2\/users\/1"}],"replies":[{"embeddable":true,"href":"https:\/\/vinnuverndarnamskeid.is\/index.php\/wp-json\/wp\/v2\/comments?post=4680"}],"version-history":[{"count":16,"href":"https:\/\/vinnuverndarnamskeid.is\/index.php\/wp-json\/wp\/v2\/pages\/4680\/revisions"}],"predecessor-version":[{"id":4700,"href":"https:\/\/vinnuverndarnamskeid.is\/index.php\/wp-json\/wp\/v2\/pages\/4680\/revisions\/4700"}],"wp:attachment":[{"href":"https:\/\/vinnuverndarnamskeid.is\/index.php\/wp-json\/wp\/v2\/media?parent=4680"}],"curies":[{"name":"wp","href":"https:\/\/api.w.org\/{rel}","templated":true}]}}