{"id":6640,"date":"2025-12-09T20:12:06","date_gmt":"2025-12-09T20:12:06","guid":{"rendered":"https:\/\/vinnuverndarnamskeid.is\/?page_id=6640"},"modified":"2025-12-15T16:11:42","modified_gmt":"2025-12-15T16:11:42","slug":"ny-thjonusta","status":"publish","type":"page","link":"https:\/\/vinnuverndarnamskeid.is\/index.php\/ny-thjonusta\/","title":{"rendered":"N\u00fd \u00fej\u00f3nusta\u00a0"},"content":{"rendered":"\t\t<div data-elementor-type=\"wp-page\" data-elementor-id=\"6640\" class=\"elementor elementor-6640\">\n\t\t\t\t\t\t<section class=\"elementor-section elementor-top-section elementor-element elementor-element-64bcca9a ct-section-stretched elementor-section-full_width elementor-section-height-min-height elementor-section-height-default elementor-section-items-middle\" data-id=\"64bcca9a\" data-element_type=\"section\" data-e-type=\"section\" data-settings=\"{&quot;background_background&quot;:&quot;classic&quot;}\">\n\t\t\t\t\t\t\t<div class=\"elementor-background-overlay\"><\/div>\n\t\t\t\t\t\t\t<div class=\"elementor-container elementor-column-gap-default\">\n\t\t\t\t\t<div class=\"elementor-column elementor-col-100 elementor-top-column elementor-element elementor-element-45708246\" data-id=\"45708246\" data-element_type=\"column\" data-e-type=\"column\">\n\t\t\t<div class=\"elementor-widget-wrap elementor-element-populated\">\n\t\t\t\t\t\t<div class=\"elementor-element elementor-element-46fe3f7 elementor-widget elementor-widget-heading\" data-id=\"46fe3f7\" data-element_type=\"widget\" data-e-type=\"widget\" data-widget_type=\"heading.default\">\n\t\t\t\t<div class=\"elementor-widget-container\">\n\t\t\t\t\t<h1 class=\"elementor-heading-title elementor-size-default\">\u00dattektir \u00e1 vinnuverndar- og \u00f6ryggism\u00e1lum  <\/h1>\t\t\t\t<\/div>\n\t\t\t\t<\/div>\n\t\t\t\t\t<\/div>\n\t\t<\/div>\n\t\t\t\t\t<\/div>\n\t\t<\/section>\n\t\t\t\t<section class=\"elementor-section elementor-top-section elementor-element elementor-element-3fa0cee3 elementor-section-boxed elementor-section-height-default elementor-section-height-default\" data-id=\"3fa0cee3\" data-element_type=\"section\" data-e-type=\"section\">\n\t\t\t\t\t\t<div class=\"elementor-container elementor-column-gap-no\">\n\t\t\t\t\t<div class=\"elementor-column elementor-col-100 elementor-top-column elementor-element elementor-element-737ff8da\" data-id=\"737ff8da\" data-element_type=\"column\" data-e-type=\"column\">\n\t\t\t<div class=\"elementor-widget-wrap elementor-element-populated\">\n\t\t\t\t\t\t<div class=\"elementor-element elementor-element-23dd61d elementor-widget elementor-widget-text-editor\" data-id=\"23dd61d\" data-element_type=\"widget\" data-e-type=\"widget\" data-widget_type=\"text-editor.default\">\n\t\t\t\t<div class=\"elementor-widget-container\">\n\t\t\t\t\t\t\t\t\t<p style=\"font-weight: 400;\">Vinnuverndarn\u00e1mskei\u00f0 ehf. tekur a\u00f0 s\u00e9r \u00fattektir \u00e1 vinnuverndar- og \u00f6ryggism\u00e1lum fyrir fyrirt\u00e6ki. \u00dattektir eru framkv\u00e6mdar \u00ed samr\u00e1\u00f0i vi\u00f0 stj\u00f3rnendur fyrirt\u00e6kja, hva\u00f0 \u00e1 a\u00f0 sko\u00f0a \u00ed \u00fattektinni og hven\u00e6r. \u00dattektir geta fari\u00f0 fram einu sinni, m\u00e1na\u00f0arlega, \u00e1rlega e\u00f0a eftir frekara samkomulagi.<\/p><p style=\"font-weight: 400;\">L\u00f6g\u00f0 er \u00e1hersla \u00e1 a\u00f0 sko\u00f0a og fjalla um \u00fea\u00f0 sem vel er gert og l\u00edka \u00fea\u00f0 sem m\u00e1 gera betur. \u00cd \u00fattektum eru teknar myndir og nota\u00f0ar \u00ed sk\u00fdrslu um \u00e1stand vinnuverndar- og \u00f6ryggism\u00e1la hj\u00e1 fyrirt\u00e6kinu. \u00cd sk\u00fdrslunni eru settar fram till\u00f6gur a\u00f0 \u00farb\u00f3tum \u00e1 \u00fev\u00ed sem m\u00e1 gera betur. \u00a0<\/p><p style=\"font-weight: 400;\">D\u00e6mi um hva\u00f0 er sko\u00f0a\u00f0 \u00ed \u00fattekt \u00e1 vinnuverndar- og \u00f6ryggism\u00e1lum:<\/p><ol><li style=\"font-weight: 400;\">Hvernig er a\u00f0koman a\u00f0 fyrirt\u00e6kinu? Umgengni, r\u00e6sting og skipulag \u00e1 b\u00edlaplani, aksturs- og g\u00f6ngulei\u00f0ir, merkingar, l\u00fdsing o.fl.<\/li><li style=\"font-weight: 400;\">Hvernig er fari\u00f0 inn \u00ed fyrirt\u00e6ki\u00f0, skr\u00e1ning, pers\u00f3nuhl\u00edfar gesta, fr\u00e6\u00f0sla o.fl.?<\/li><li style=\"font-weight: 400;\">Umgengni og r\u00e6sting innan fyrirt\u00e6kisins, notar starfsf\u00f3lk pers\u00f3nuhl\u00edfar og \u00f6ryggisb\u00fana\u00f0?<\/li><li style=\"font-weight: 400;\">\u00c1stand v\u00e9la og t\u00e6kja, eru \u00f6ryggishl\u00edfar \u00e1 s\u00ednum sta\u00f0, eru handri\u00f0 \u00e1 s\u00ednum sta\u00f0, eru ney\u00f0arstopp a\u00f0gengileg og \u00ed lagi? Annar \u00f6ryggisb\u00fana\u00f0ur, \u00e1stand og notkun.<\/li><li style=\"font-weight: 400;\">\u00c1stand og notkun vinnuv\u00e9la, vinnuv\u00e9lar\u00e9ttindi, eru vinnuv\u00e9lar \u00ed g\u00f3\u00f0u \u00e1standi, me\u00f0 gilda sko\u00f0un og hreinar?<\/li><li style=\"font-weight: 400;\">Notkun var\u00fa\u00f0armerktra efna, \u00f6ryggisbl\u00f6\u00f0, pers\u00f3nuhl\u00edfar, geymsla, ney\u00f0arsturta og augnskol, fr\u00e1gangur o.fl.<\/li><li style=\"font-weight: 400;\">Stigar, tr\u00f6ppur og pallar, \u00e1stand og notkun, eru \u00feessi t\u00e6ki merkt og \u00ed lagi?<\/li><li style=\"font-weight: 400;\">Eru notu\u00f0 l\u00e9ttit\u00e6ki, tillist\u00f3lar, hj\u00f3labor\u00f0, lyftur o.fl.?<\/li><li style=\"font-weight: 400;\">Hvernig er loftr\u00e6sting, l\u00fdsing, h\u00e1va\u00f0i o.fl.?<\/li><li style=\"font-weight: 400;\">Sl\u00f6kkvib\u00fana\u00f0ur, ney\u00f0ar\u00fatgangar og ney\u00f0arb\u00fana\u00f0ur, \u00e1stand og a\u00f0gengi. Er b\u00fai\u00f0 a\u00f0 setja eitthva\u00f0 d\u00f3t\/drasl fyrir \u00feennan b\u00fana\u00f0, virka ney\u00f0ar\u00fatgangar?<\/li><li style=\"font-weight: 400;\">Kaffistofur og salerni, a\u00f0gengi og \u00e1stand.<\/li><\/ol><p style=\"font-weight: 400;\">Einnig er h\u00e6gt a\u00f0 fara yfir vinnuverndarstarf fyrirt\u00e6kisins og framkv\u00e6md \u00feess eftir frekara samkomulagi.<\/p><p style=\"font-weight: 400;\">N\u00e1nari uppl\u00fdsingar: vinnuverndarskolinn@gmail.com<\/p>\t\t\t\t\t\t\t\t<\/div>\n\t\t\t\t<\/div>\n\t\t\t\t\t<\/div>\n\t\t<\/div>\n\t\t\t\t\t<\/div>\n\t\t<\/section>\n\t\t\t\t<\/div>\n\t\t","protected":false},"excerpt":{"rendered":"<p>\u00dattektir \u00e1 vinnuverndar- og \u00f6ryggism\u00e1lum Vinnuverndarn\u00e1mskei\u00f0 ehf. tekur a\u00f0 s\u00e9r \u00fattektir \u00e1 vinnuverndar- og \u00f6ryggism\u00e1lum fyrir fyrirt\u00e6ki. \u00dattektir eru framkv\u00e6mdar \u00ed samr\u00e1\u00f0i vi\u00f0 stj\u00f3rnendur fyrirt\u00e6kja, hva\u00f0 \u00e1 a\u00f0 sko\u00f0a \u00ed \u00fattektinni og hven\u00e6r. \u00dattektir geta fari\u00f0 fram einu sinni, m\u00e1na\u00f0arlega, \u00e1rlega e\u00f0a eftir frekara samkomulagi. L\u00f6g\u00f0 er \u00e1hersla \u00e1 a\u00f0 sko\u00f0a og fjalla um \u00fea\u00f0 [&hellip;]<\/p>\n","protected":false},"author":1,"featured_media":0,"parent":0,"menu_order":0,"comment_status":"closed","ping_status":"closed","template":"","meta":{"footnotes":""},"class_list":["post-6640","page","type-page","status-publish","hentry"],"blocksy_meta":[],"_links":{"self":[{"href":"https:\/\/vinnuverndarnamskeid.is\/index.php\/wp-json\/wp\/v2\/pages\/6640","targetHints":{"allow":["GET"]}}],"collection":[{"href":"https:\/\/vinnuverndarnamskeid.is\/index.php\/wp-json\/wp\/v2\/pages"}],"about":[{"href":"https:\/\/vinnuverndarnamskeid.is\/index.php\/wp-json\/wp\/v2\/types\/page"}],"author":[{"embeddable":true,"href":"https:\/\/vinnuverndarnamskeid.is\/index.php\/wp-json\/wp\/v2\/users\/1"}],"replies":[{"embeddable":true,"href":"https:\/\/vinnuverndarnamskeid.is\/index.php\/wp-json\/wp\/v2\/comments?post=6640"}],"version-history":[{"count":10,"href":"https:\/\/vinnuverndarnamskeid.is\/index.php\/wp-json\/wp\/v2\/pages\/6640\/revisions"}],"predecessor-version":[{"id":6666,"href":"https:\/\/vinnuverndarnamskeid.is\/index.php\/wp-json\/wp\/v2\/pages\/6640\/revisions\/6666"}],"wp:attachment":[{"href":"https:\/\/vinnuverndarnamskeid.is\/index.php\/wp-json\/wp\/v2\/media?parent=6640"}],"curies":[{"name":"wp","href":"https:\/\/api.w.org\/{rel}","templated":true}]}}