{"id":814,"date":"2021-12-15T17:05:17","date_gmt":"2021-12-15T17:05:17","guid":{"rendered":"https:\/\/vinnuverndarnamskeid.is\/?page_id=814"},"modified":"2026-04-24T11:21:31","modified_gmt":"2026-04-24T11:21:31","slug":"grunnnamskeid-vinnuvela","status":"publish","type":"page","link":"https:\/\/vinnuverndarnamskeid.is\/index.php\/grunnnamskeid-vinnuvela\/","title":{"rendered":"Grunnn\u00e1mskei\u00f0 Vinnuv\u00e9la"},"content":{"rendered":"\t\t<div data-elementor-type=\"wp-page\" data-elementor-id=\"814\" class=\"elementor elementor-814\">\n\t\t\t\t\t\t<section class=\"elementor-section elementor-top-section elementor-element elementor-element-000263c ct-section-stretched elementor-section-full_width elementor-section-height-min-height elementor-section-height-default elementor-section-items-middle\" data-id=\"000263c\" data-element_type=\"section\" data-e-type=\"section\" data-settings=\"{&quot;background_background&quot;:&quot;classic&quot;}\">\n\t\t\t\t\t\t<div class=\"elementor-container elementor-column-gap-default\">\n\t\t\t\t\t<div class=\"elementor-column elementor-col-100 elementor-top-column elementor-element elementor-element-b515cd7\" data-id=\"b515cd7\" data-element_type=\"column\" data-e-type=\"column\">\n\t\t\t<div class=\"elementor-widget-wrap elementor-element-populated\">\n\t\t\t\t\t\t<div class=\"elementor-element elementor-element-6ac0024 elementor-widget elementor-widget-heading\" data-id=\"6ac0024\" data-element_type=\"widget\" data-e-type=\"widget\" data-widget_type=\"heading.default\">\n\t\t\t\t<div class=\"elementor-widget-container\">\n\t\t\t\t\t<h1 class=\"elementor-heading-title elementor-size-default\">Grunnn\u00e1mskei\u00f0 vinnuv\u00e9la<\/h1>\t\t\t\t<\/div>\n\t\t\t\t<\/div>\n\t\t\t\t<div class=\"elementor-element elementor-element-2d42146 elementor-widget elementor-widget-heading\" data-id=\"2d42146\" data-element_type=\"widget\" data-e-type=\"widget\" data-widget_type=\"heading.default\">\n\t\t\t\t<div class=\"elementor-widget-container\">\n\t\t\t\t\t<h2 class=\"elementor-heading-title elementor-size-default\">Lyftarapr\u00f3f - Gr\u00f6fupr\u00f3f - Kranapr\u00f3f<\/h2>\t\t\t\t<\/div>\n\t\t\t\t<\/div>\n\t\t\t\t\t<\/div>\n\t\t<\/div>\n\t\t\t\t\t<\/div>\n\t\t<\/section>\n\t\t\t\t<section class=\"elementor-section elementor-top-section elementor-element elementor-element-5b2b553 elementor-section-boxed elementor-section-height-default elementor-section-height-default\" data-id=\"5b2b553\" data-element_type=\"section\" data-e-type=\"section\">\n\t\t\t\t\t\t<div class=\"elementor-container elementor-column-gap-no\">\n\t\t\t\t\t<div class=\"elementor-column elementor-col-50 elementor-top-column elementor-element elementor-element-f182103\" data-id=\"f182103\" data-element_type=\"column\" data-e-type=\"column\">\n\t\t\t<div class=\"elementor-widget-wrap elementor-element-populated\">\n\t\t\t\t\t\t<div class=\"elementor-element elementor-element-f44d010 elementor-widget elementor-widget-text-editor\" data-id=\"f44d010\" data-element_type=\"widget\" data-e-type=\"widget\" data-widget_type=\"text-editor.default\">\n\t\t\t\t<div class=\"elementor-widget-container\">\n\t\t\t\t\t\t\t\t\t<p>Grunnn\u00e1mskei\u00f0 vinnuv\u00e9la er stundum kalla\u00f0 \u201cSt\u00f3ra n\u00e1mskei\u00f0i\u00f0\u201d. N\u00e1mskei\u00f0i\u00f0 veitir b\u00f3kleg r\u00e9ttindi \u00e1 allar st\u00e6r\u00f0ir og ger\u00f0ir vinnuv\u00e9la sem eru r\u00e9ttindaskyldar \u00e1 \u00cdslandi.<\/p><p>\u00cdslensk r\u00e9ttindi eru vi\u00f0urkennd v\u00ed\u00f0ast hvar \u00ed Evr\u00f3pu.<\/p><p>N\u00e1mskei\u00f0i\u00f0 fer 99% fram \u00ed fjarn\u00e1mi, a\u00f0eins lokapr\u00f3fi\u00f0 er \u00ed kennslustofu hj\u00e1 Vinnuverndarn\u00e1mskei\u00f0 ehf, \u00e1 vinnust\u00f6\u00f0um e\u00f0a \u00ed fjarn\u00e1msmi\u00f0st\u00f6\u00f0 eftir samkomulagi.<\/p><p>Allir sem eru or\u00f0nir 16 \u00e1ra geta teki\u00f0 n\u00e1mskei\u00f0i\u00f0 en til a\u00f0 f\u00e1 fullgild vinnuv\u00e9lar\u00e9ttindi ver\u00f0ur vi\u00f0komandi a\u00f0 vera or\u00f0inn 17 \u00e1ra og hafa b\u00edlpr\u00f3f.<\/p><p>Smelli\u00f0 <a href=\"https:\/\/youtu.be\/OLqMbsfzCQY\" target=\"_blank\" rel=\"noopener\">h\u00e9r<\/a> til a\u00f0 sko\u00f0a fyrsta kaflann \u00e1 n\u00e1mskei\u00f0inu<\/p>\t\t\t\t\t\t\t\t<\/div>\n\t\t\t\t<\/div>\n\t\t\t\t\t<\/div>\n\t\t<\/div>\n\t\t\t\t<div class=\"elementor-column elementor-col-50 elementor-top-column elementor-element elementor-element-22c1e1e\" data-id=\"22c1e1e\" data-element_type=\"column\" data-e-type=\"column\">\n\t\t\t<div class=\"elementor-widget-wrap elementor-element-populated\">\n\t\t\t\t\t\t<div class=\"elementor-element elementor-element-76ed922 elementor-widget elementor-widget-text-editor\" data-id=\"76ed922\" data-element_type=\"widget\" data-e-type=\"widget\" data-widget_type=\"text-editor.default\">\n\t\t\t\t<div class=\"elementor-widget-container\">\n\t\t\t\t\t\t\t\t\t<p><span style=\"font-weight: 400;\">\u00de\u00e1tttakendur geta byrja\u00f0 \u00e1 n\u00e1mskei\u00f0inu \u00feegar \u00feeir vilja og l\u00e6rt \u00feegar \u00feeir vilja og h\u00e6gt er a\u00f0 horfa \u00e1 n\u00e1msefni\u00f0 eins oft og hver vill. Einnig er h\u00e6gt a\u00f0 leysa verkefni eins oft og hver vill.\u00a0<\/span><\/p><p><span style=\"font-weight: 400;\">N\u00e1mskei\u00f0i\u00f0 byggist \u00e1 stuttum fyrirlestrum, \u00edtarefni, verkefnum sem eru krossaspurningar og krossapr\u00f3fum. \u00dea\u00f0 \u00fearf a\u00f0 leysa verkefnin og standast pr\u00f3fin til geta haldi\u00f0 \u00e1fram \u00e1 n\u00e1mskei\u00f0inu.\u00a0<\/span><\/p><p><span style=\"font-weight: 400;\">A\u00f0 n\u00e1mskei\u00f0inu loknu geta \u00fe\u00e1tttakendur hafi\u00f0 verklegt n\u00e1m \u00e1 allar ger\u00f0ir r\u00e9ttindaskyldra vinnuv\u00e9la undir lei\u00f0s\u00f6gn lei\u00f0beinanda sem hefur kennslur\u00e9ttindi. A\u00f0 verklegri \u00fej\u00e1lfun lokinni er \u00f3ska\u00f0 eftir pr\u00f3fd\u00f3mara fr\u00e1 Vinnueftirlitinu. Vinnueftirliti\u00f0 gefur \u00fat vinnuv\u00e9lask\u00edrteini. \u00d6ll verkleg \u00fej\u00e1lfun og pr\u00f3f fara fram \u00e1 vinnust\u00f6\u00f0um.<\/span><\/p>\t\t\t\t\t\t\t\t<\/div>\n\t\t\t\t<\/div>\n\t\t\t\t\t<\/div>\n\t\t<\/div>\n\t\t\t\t\t<\/div>\n\t\t<\/section>\n\t\t\t\t<section class=\"elementor-section elementor-top-section elementor-element elementor-element-74c96d1 elementor-section-boxed elementor-section-height-default elementor-section-height-default\" data-id=\"74c96d1\" data-element_type=\"section\" data-e-type=\"section\">\n\t\t\t\t\t\t<div class=\"elementor-container elementor-column-gap-no\">\n\t\t\t\t\t<div class=\"elementor-column elementor-col-100 elementor-top-column elementor-element elementor-element-e690af0\" data-id=\"e690af0\" data-element_type=\"column\" data-e-type=\"column\">\n\t\t\t<div class=\"elementor-widget-wrap elementor-element-populated\">\n\t\t\t\t\t\t<div class=\"elementor-element elementor-element-58fb960 elementor-widget elementor-widget-heading\" data-id=\"58fb960\" data-element_type=\"widget\" data-e-type=\"widget\" data-widget_type=\"heading.default\">\n\t\t\t\t<div class=\"elementor-widget-container\">\n\t\t\t\t\t<h4 class=\"elementor-heading-title elementor-size-default\">Uppbygging n\u00e1mskei\u00f0sins:<\/h4>\t\t\t\t<\/div>\n\t\t\t\t<\/div>\n\t\t\t\t<div class=\"elementor-element elementor-element-fc643b8 elementor-widget elementor-widget-text-editor\" data-id=\"fc643b8\" data-element_type=\"widget\" data-e-type=\"widget\" data-widget_type=\"text-editor.default\">\n\t\t\t\t<div class=\"elementor-widget-container\">\n\t\t\t\t\t\t\t\t\t<ol><li>Kynning, vinnuverndarl\u00f6g, reglur og regluger\u00f0ir<\/li><li>Vinnuverndarstarf og s\u00e1lf\u00e9lagslegt vinnuumhverfi &#8211;\u00a0<strong style=\"font-style: var(--fontStyle, inherit); letter-spacing: var(--letterSpacing); text-transform: var(--textTransform); text-decoration: var(--textDecoration);\"><span lang=\"IS\">Pr\u00f3f \u00far k\u00f6flum 1 og 2<\/span><\/strong><\/li><li>H\u00e6ttuleg efni, inniloft og loftr\u00e6sting, h\u00e1va\u00f0i og l\u00fdsing<\/li><li>V\u00e9lfr\u00e6\u00f0i, v\u00f6kvafr\u00e6\u00f0i, rafgeymar og hle\u00f0sluklefar fyrir rafgeyma<\/li><li>E\u00f0lisfr\u00e6\u00f0i, uppstilling og st\u00f6\u00f0ugleiki vinnuv\u00e9la, \u00e1sl\u00e1ttarb\u00fana\u00f0ur &#8211;\u00a0<strong style=\"font-style: var(--fontStyle, inherit); letter-spacing: var(--letterSpacing); text-transform: var(--textTransform); text-decoration: var(--textDecoration);\">Pr\u00f3f \u00far k\u00f6flum\u00a0 3 til 5<\/strong><\/li><li><p><span style=\"font-style: var(--fontStyle, inherit); letter-spacing: var(--letterSpacing); text-transform: var(--textTransform); text-decoration: var(--textDecoration);\">H\u00edfiv\u00edr, stj\u00f3rnb\u00fana\u00f0ur krana, a\u00f0 h\u00edfa f\u00f3lk me\u00f0 krana og merkjakerfi<\/span><span style=\"font-style: var(--fontStyle, inherit); letter-spacing: var(--letterSpacing); text-transform: var(--textTransform); text-decoration: var(--textDecoration);\">\u00a0fyrir kranastj\u00f3rn<\/span><\/p><\/li><li><p>Byggingakranar og hafnarkranar \u00ed skr\u00e1ningarflokki A<\/p><\/li><li><p>Hle\u00f0slukranar \u00ed skr\u00e1ningarflokkum B og P<\/p><\/li><li><p>Br\u00fakranar \u00ed skr\u00e1ningarflokki C<\/p><\/li><li><p>Steypud\u00e6lukranar og k\u00f6rfukranar \u00ed skr\u00e1ningarflokki D &#8211;<span style=\"font-size: inherit; text-align: inherit; background-color: var(--palettecolor7); font-family: var(--fontFamily); font-style: var(--fontStyle, inherit); letter-spacing: var(--letterSpacing); text-transform: var(--textTransform); text-decoration: var(--textDecoration);\">\u00a0 <strong>Pr\u00f3f \u00far k\u00f6flum 6 til 10<\/strong><\/span><\/p><\/li><li><p>\u00d6ryggi vi\u00f0 skur\u00f0gr\u00f6ft<\/p><\/li><li><p>Gr\u00f6fur og traktorsgr\u00f6fur \u00ed skr\u00e1ningarflokki E<\/p><\/li><li><p>\u00c1moksturssk\u00f3flur \u00ed skr\u00e1ningarflokki F<\/p><\/li><li><p>Jar\u00f0\u00fdtur \u00ed skr\u00e1ningarflokki G<\/p><\/li><li><p>Vegheflar \u00ed skr\u00e1ningarflokki H<\/p><\/li><li><p>Jar\u00f0vinnuv\u00e9lar undir 4 tonnum og dr\u00e1ttarv\u00e9lar \u00ed skr\u00e1ningarflokki I \u00a0&#8211;\u00a0<strong>Pr\u00f3f \u00far k\u00f6flum 11 til 16<\/strong><\/p><\/li><li><p>Lyftarar og lyftit\u00e6ki \u00ed skr\u00e1ningarflokkum J og K,<\/p><\/li><li><p>A\u00f0 lyfta f\u00f3lki me\u00f0 lyftara &#8211;\u00a0<span style=\"font-style: var(--fontStyle, inherit); letter-spacing: var(--letterSpacing); text-transform: var(--textTransform); text-decoration: var(--textDecoration);\">\u00a0 <strong>Pr\u00f3f \u00far k\u00f6flum 17 og 18<\/strong><\/span><\/p><\/li><li><p>Valtar, \u00fatlaggningarv\u00e9lar og fr\u00e6sarar \u00ed skr\u00e1ningarflokkum L\u00a0<span style=\"font-style: var(--fontStyle, inherit); letter-spacing: var(--letterSpacing); text-transform: var(--textTransform); text-decoration: var(--textDecoration);\">og M &#8211;\u00a0<\/span><strong><span lang=\"IS\">Pr\u00f3f \u00far kafla 19<\/span><\/strong><\/p><\/li><li>Lokaor\u00f0<\/li><\/ol><div><p><span lang=\"IS\">Sk\u00f3linn hvetur nemendur til a\u00f0 halda sig a\u00f0 n\u00e1minu og lj\u00faka a\u00f0 jafna\u00f0i 1-4 k\u00f6flum \u00e1 dag.<\/span><\/p><\/div>\t\t\t\t\t\t\t\t<\/div>\n\t\t\t\t<\/div>\n\t\t\t\t\t<\/div>\n\t\t<\/div>\n\t\t\t\t\t<\/div>\n\t\t<\/section>\n\t\t\t\t<section class=\"elementor-section elementor-top-section elementor-element elementor-element-5c55b97 elementor-section-boxed elementor-section-height-default elementor-section-height-default\" data-id=\"5c55b97\" data-element_type=\"section\" data-e-type=\"section\">\n\t\t\t\t\t\t<div class=\"elementor-container elementor-column-gap-no\">\n\t\t\t\t\t<div class=\"elementor-column elementor-col-50 elementor-top-column elementor-element elementor-element-5fa6249\" data-id=\"5fa6249\" data-element_type=\"column\" data-e-type=\"column\">\n\t\t\t<div class=\"elementor-widget-wrap elementor-element-populated\">\n\t\t\t\t\t\t<div class=\"elementor-element elementor-element-edc984c elementor-widget elementor-widget-heading\" data-id=\"edc984c\" data-element_type=\"widget\" data-e-type=\"widget\" data-widget_type=\"heading.default\">\n\t\t\t\t<div class=\"elementor-widget-container\">\n\t\t\t\t\t<h4 class=\"elementor-heading-title elementor-size-default\">B\u00f3klegt lokapr\u00f3f<\/h4>\t\t\t\t<\/div>\n\t\t\t\t<\/div>\n\t\t\t\t<div class=\"elementor-element elementor-element-45f0dd1 elementor-widget elementor-widget-text-editor\" data-id=\"45f0dd1\" data-element_type=\"widget\" data-e-type=\"widget\" data-widget_type=\"text-editor.default\">\n\t\t\t\t<div class=\"elementor-widget-container\">\n\t\t\t\t\t\t\t\t\t<p>B\u00f3kleg lokapr\u00f3f eru haldin a.m.k. einu sinni \u00ed m\u00e1nu\u00f0i \u00ed Rafmennt St\u00f3rh\u00f6f\u00f0a 27, 110 Reykjav\u00edk. <strong>Ekki er \u00fe\u00f6rf \u00e1 a\u00f0 skr\u00e1 sig \u00ed pr\u00f3fin hj\u00e1 Rafmennt.<\/strong><\/p><p>N\u00e6stu pr\u00f3f ver\u00f0a haldin:<\/p><ul><li>06.05.2026 kl. 16:00<\/li><li>13.05.2026 kl. 16:00<\/li><li>20.05.2026 kl. 16:00<\/li><li>27.05.2026 kl. 16:00<\/li><li>03.06.2026 kl. 16:00<\/li><li>10.06.2026 kl. 16:00<\/li><li>24.06.2026 kl. 16:00<\/li><li>01.07.2026 kl. 16:00<\/li><li>15.07.2026 kl. 16:00<\/li><li>26.08.2026 kl. 16:00<\/li><\/ul><p>H\u00e6gt er a\u00f0 halda lokapr\u00f3f fyrir h\u00f3pa \u00e1 vinnust\u00f6\u00f0um eftir samkomulagi.<\/p><p>Einnig er h\u00e6gt a\u00f0 taka lokapr\u00f3f \u00ed fjarn\u00e1msmi\u00f0st\u00f6\u00f0vum \u00e1 landsbygg\u00f0inni eftir samkomulagi.<\/p>\t\t\t\t\t\t\t\t<\/div>\n\t\t\t\t<\/div>\n\t\t\t\t\t<\/div>\n\t\t<\/div>\n\t\t\t\t<div class=\"elementor-column elementor-col-50 elementor-top-column elementor-element elementor-element-162ba5f\" data-id=\"162ba5f\" data-element_type=\"column\" data-e-type=\"column\">\n\t\t\t<div class=\"elementor-widget-wrap elementor-element-populated\">\n\t\t\t\t\t\t<div class=\"elementor-element elementor-element-ba802a3 elementor-widget elementor-widget-heading\" data-id=\"ba802a3\" data-element_type=\"widget\" data-e-type=\"widget\" data-widget_type=\"heading.default\">\n\t\t\t\t<div class=\"elementor-widget-container\">\n\t\t\t\t\t<h4 class=\"elementor-heading-title elementor-size-default\">Ver\u00f0 og uppl\u00fdsingar\n<\/h4>\t\t\t\t<\/div>\n\t\t\t\t<\/div>\n\t\t\t\t<div class=\"elementor-element elementor-element-f936a22 elementor-widget elementor-widget-text-editor\" data-id=\"f936a22\" data-element_type=\"widget\" data-e-type=\"widget\" data-widget_type=\"text-editor.default\">\n\t\t\t\t<div class=\"elementor-widget-container\">\n\t\t\t\t\t\t\t\t\t<p>N\u00e1mskei\u00f0i\u00f0 kostar <strong>69.000 kr<\/strong>.<\/p><p>Veittur er afsl\u00e1ttur fyrir h\u00f3pa.<\/p><p>Flest st\u00e9ttarf\u00e9l\u00f6g, Virk, Rafmennt, I\u00f0an, Vinnum\u00e1lastofnun og \u00c1ttin veita styrki fyrir n\u00e1mskei\u00f0inu e\u00f0a hluta \u00feess.<\/p>\t\t\t\t\t\t\t\t<\/div>\n\t\t\t\t<\/div>\n\t\t\t\t<div class=\"elementor-element elementor-element-be156f2 elementor-mobile-align-justify elementor-align-justify elementor-widget elementor-widget-button\" data-id=\"be156f2\" data-element_type=\"widget\" data-e-type=\"widget\" data-widget_type=\"button.default\">\n\t\t\t\t<div class=\"elementor-widget-container\">\n\t\t\t\t\t\t\t\t\t<div class=\"elementor-button-wrapper\">\n\t\t\t\t\t<a class=\"elementor-button elementor-button-link elementor-size-sm\" href=\"https:\/\/vinnuverndarnamskeid.is\/index.php\/skraning-vinnuvelar\/\">\n\t\t\t\t\t\t<span class=\"elementor-button-content-wrapper\">\n\t\t\t\t\t\t\t\t\t<span class=\"elementor-button-text\">Skr\u00e1ning<\/span>\n\t\t\t\t\t<\/span>\n\t\t\t\t\t<\/a>\n\t\t\t\t<\/div>\n\t\t\t\t\t\t\t\t<\/div>\n\t\t\t\t<\/div>\n\t\t\t\t<div class=\"elementor-element elementor-element-c64f04a elementor-mobile-align-justify elementor-align-justify elementor-widget elementor-widget-button\" data-id=\"c64f04a\" data-element_type=\"widget\" data-e-type=\"widget\" data-widget_type=\"button.default\">\n\t\t\t\t<div class=\"elementor-widget-container\">\n\t\t\t\t\t\t\t\t\t<div class=\"elementor-button-wrapper\">\n\t\t\t\t\t<a class=\"elementor-button elementor-button-link elementor-size-sm\" href=\"https:\/\/vinnuverndarnamskeid.is\/index.php\/skilyrdi-grunnnamskeids-vinnuvela\/\">\n\t\t\t\t\t\t<span class=\"elementor-button-content-wrapper\">\n\t\t\t\t\t\t\t\t\t<span class=\"elementor-button-text\">Skilyr\u00f0i Grunnn\u00e1mskei\u00f0s vinnuv\u00e9la<\/span>\n\t\t\t\t\t<\/span>\n\t\t\t\t\t<\/a>\n\t\t\t\t<\/div>\n\t\t\t\t\t\t\t\t<\/div>\n\t\t\t\t<\/div>\n\t\t\t\t<div class=\"elementor-element elementor-element-4a8b50a elementor-widget elementor-widget-text-editor\" data-id=\"4a8b50a\" data-element_type=\"widget\" data-e-type=\"widget\" data-widget_type=\"text-editor.default\">\n\t\t\t\t<div class=\"elementor-widget-container\">\n\t\t\t\t\t\t\t\t\t<p style=\"font-weight: 400;\">Grunn\u00e1mskei\u00f0 vinnuv\u00e9la er vinnuv\u00e9lan\u00e1mskei\u00f0 sem veitir \u00f6ll b\u00f3kleg vinnuv\u00e9lar\u00e9ttindi:<\/p><p style=\"font-weight: 400;\">Lyftaran\u00e1mskei\u00f0 \u2013 kranan\u00e1mskei\u00f0 \u2013 byggingakranan\u00e1mskei\u00f0, gr\u00f6fun\u00e1mskei\u00f0, valtaran\u00e1mskei\u00f0<\/p><p style=\"font-weight: 400;\">Lyftarar\u00e9ttindi \u2013 lyftarapr\u00f3f<\/p><p style=\"font-weight: 400;\">Skotb\u00f3mulyftarar\u00e9ttindi \u2013 skotb\u00f3mulyftarapr\u00f3f<\/p><p style=\"font-weight: 400;\">Kranar\u00e9ttindi \u2013 kranapr\u00f3f<\/p><p style=\"font-weight: 400;\">Br\u00fakranar\u00e9ttindi \u2013 br\u00fakranapr\u00f3f<\/p><p style=\"font-weight: 400;\">K\u00f6rfukranar\u00e9ttindi \u2013 spj\u00f3t<\/p><p style=\"font-weight: 400;\">Gr\u00f6fur\u00e9ttindi \u2013 gr\u00f6fupr\u00f3f<\/p><p style=\"font-weight: 400;\">Dr\u00e1ttarv\u00e9lar\u00e9ttindi \u2013 dr\u00e1ttarv\u00e9lapr\u00f3f<\/p><p style=\"font-weight: 400;\">Sl\u00e1ttuv\u00e9lar\u00e9ttindi \u2013 sl\u00e1ttuv\u00e9lapr\u00f3f<\/p><p style=\"font-weight: 400;\">Jar\u00f0\u00fdtur\u00e9ttindi \u2013 \u00e1moksturssk\u00f3flur\u00e9ttindi \u2013 valtarar\u00e9ttindi \u2013 vegheflar\u00e9ttindi\u00a0<\/p><p style=\"font-weight: 400;\">Grunnn\u00e1mskei\u00f0 vinnuv\u00e9la (st\u00f3ra n\u00e1mskei\u00f0i\u00f0) veitir r\u00e9ttindi \u00e1 alla 14 flokka vinnuv\u00e9la en Frumn\u00e1mskei\u00f0 Vinnueftirlitsins (litla n\u00e1mskei\u00f0i\u00f0) veitir r\u00e9ttindi \u00e1 6 flokka vinnuv\u00e9la.<\/p>\t\t\t\t\t\t\t\t<\/div>\n\t\t\t\t<\/div>\n\t\t\t\t\t<\/div>\n\t\t<\/div>\n\t\t\t\t\t<\/div>\n\t\t<\/section>\n\t\t\t\t<section class=\"elementor-section elementor-top-section elementor-element elementor-element-2fa712ec ct-section-stretched elementor-section-full_width elementor-section-height-default elementor-section-height-default\" data-id=\"2fa712ec\" data-element_type=\"section\" data-e-type=\"section\" data-settings=\"{&quot;background_background&quot;:&quot;classic&quot;}\">\n\t\t\t\t\t\t\t<div class=\"elementor-background-overlay\"><\/div>\n\t\t\t\t\t\t\t<div class=\"elementor-container elementor-column-gap-default\">\n\t\t\t\t\t<div class=\"elementor-column elementor-col-100 elementor-top-column elementor-element elementor-element-7d08b6e4\" data-id=\"7d08b6e4\" data-element_type=\"column\" data-e-type=\"column\">\n\t\t\t<div class=\"elementor-widget-wrap elementor-element-populated\">\n\t\t\t\t\t\t<div class=\"elementor-element elementor-element-4de8c93 elementor-widget elementor-widget-heading\" data-id=\"4de8c93\" data-element_type=\"widget\" data-e-type=\"widget\" data-widget_type=\"heading.default\">\n\t\t\t\t<div class=\"elementor-widget-container\">\n\t\t\t\t\t<h2 class=\"elementor-heading-title elementor-size-large\">N\u00c1NARI UPPL\u00ddSINGAR<\/h2>\t\t\t\t<\/div>\n\t\t\t\t<\/div>\n\t\t\t\t<div class=\"elementor-element elementor-element-2b5e43f8 elementor-widget elementor-widget-heading\" data-id=\"2b5e43f8\" data-element_type=\"widget\" data-e-type=\"widget\" data-widget_type=\"heading.default\">\n\t\t\t\t<div class=\"elementor-widget-container\">\n\t\t\t\t\t<h2 class=\"elementor-heading-title elementor-size-medium\">Gu\u00f0mundur:\n\n897 01 33<\/h2>\t\t\t\t<\/div>\n\t\t\t\t<\/div>\n\t\t\t\t\t<\/div>\n\t\t<\/div>\n\t\t\t\t\t<\/div>\n\t\t<\/section>\n\t\t\t\t<\/div>\n\t\t","protected":false},"excerpt":{"rendered":"<p>Grunnn\u00e1mskei\u00f0 vinnuv\u00e9la Lyftarapr\u00f3f &#8211; Gr\u00f6fupr\u00f3f &#8211; Kranapr\u00f3f Grunnn\u00e1mskei\u00f0 vinnuv\u00e9la er stundum kalla\u00f0 \u201cSt\u00f3ra n\u00e1mskei\u00f0i\u00f0\u201d. N\u00e1mskei\u00f0i\u00f0 veitir b\u00f3kleg r\u00e9ttindi \u00e1 allar st\u00e6r\u00f0ir og ger\u00f0ir vinnuv\u00e9la sem eru r\u00e9ttindaskyldar \u00e1 \u00cdslandi. \u00cdslensk r\u00e9ttindi eru vi\u00f0urkennd v\u00ed\u00f0ast hvar \u00ed Evr\u00f3pu. N\u00e1mskei\u00f0i\u00f0 fer 99% fram \u00ed fjarn\u00e1mi, a\u00f0eins lokapr\u00f3fi\u00f0 er \u00ed kennslustofu hj\u00e1 Vinnuverndarn\u00e1mskei\u00f0 ehf, \u00e1 vinnust\u00f6\u00f0um e\u00f0a \u00ed [&hellip;]<\/p>\n","protected":false},"author":1,"featured_media":0,"parent":0,"menu_order":0,"comment_status":"closed","ping_status":"closed","template":"","meta":{"footnotes":""},"class_list":["post-814","page","type-page","status-publish","hentry"],"blocksy_meta":{"styles_descriptor":{"styles":{"desktop":"","tablet":"","mobile":""},"google_fonts":[],"version":6}},"_links":{"self":[{"href":"https:\/\/vinnuverndarnamskeid.is\/index.php\/wp-json\/wp\/v2\/pages\/814","targetHints":{"allow":["GET"]}}],"collection":[{"href":"https:\/\/vinnuverndarnamskeid.is\/index.php\/wp-json\/wp\/v2\/pages"}],"about":[{"href":"https:\/\/vinnuverndarnamskeid.is\/index.php\/wp-json\/wp\/v2\/types\/page"}],"author":[{"embeddable":true,"href":"https:\/\/vinnuverndarnamskeid.is\/index.php\/wp-json\/wp\/v2\/users\/1"}],"replies":[{"embeddable":true,"href":"https:\/\/vinnuverndarnamskeid.is\/index.php\/wp-json\/wp\/v2\/comments?post=814"}],"version-history":[{"count":631,"href":"https:\/\/vinnuverndarnamskeid.is\/index.php\/wp-json\/wp\/v2\/pages\/814\/revisions"}],"predecessor-version":[{"id":7088,"href":"https:\/\/vinnuverndarnamskeid.is\/index.php\/wp-json\/wp\/v2\/pages\/814\/revisions\/7088"}],"wp:attachment":[{"href":"https:\/\/vinnuverndarnamskeid.is\/index.php\/wp-json\/wp\/v2\/media?parent=814"}],"curies":[{"name":"wp","href":"https:\/\/api.w.org\/{rel}","templated":true}]}}