{"id":848,"date":"2021-12-15T21:39:40","date_gmt":"2021-12-15T21:39:40","guid":{"rendered":"https:\/\/vinnuverndarnamskeid.is\/?page_id=848"},"modified":"2026-03-17T13:44:49","modified_gmt":"2026-03-17T13:44:49","slug":"brukrananamskeid-3","status":"publish","type":"page","link":"https:\/\/vinnuverndarnamskeid.is\/index.php\/brukrananamskeid-3\/","title":{"rendered":"Br\u00fakranan\u00e1mskei\u00f0"},"content":{"rendered":"\t\t<div data-elementor-type=\"wp-page\" data-elementor-id=\"848\" class=\"elementor elementor-848\">\n\t\t\t\t\t\t<section class=\"elementor-section elementor-top-section elementor-element elementor-element-15d6d803 ct-section-stretched elementor-section-full_width elementor-section-height-min-height elementor-section-height-default elementor-section-items-middle\" data-id=\"15d6d803\" data-element_type=\"section\" data-e-type=\"section\" data-settings=\"{&quot;background_background&quot;:&quot;classic&quot;}\">\n\t\t\t\t\t\t<div class=\"elementor-container elementor-column-gap-default\">\n\t\t\t\t\t<div class=\"elementor-column elementor-col-100 elementor-top-column elementor-element elementor-element-2a8024e4\" data-id=\"2a8024e4\" data-element_type=\"column\" data-e-type=\"column\">\n\t\t\t<div class=\"elementor-widget-wrap elementor-element-populated\">\n\t\t\t\t\t\t<div class=\"elementor-element elementor-element-646c93b2 elementor-widget elementor-widget-heading\" data-id=\"646c93b2\" data-element_type=\"widget\" data-e-type=\"widget\" data-widget_type=\"heading.default\">\n\t\t\t\t<div class=\"elementor-widget-container\">\n\t\t\t\t\t<h1 class=\"elementor-heading-title elementor-size-default\">Br\u00fakranan\u00e1mskei\u00f0<\/h1>\t\t\t\t<\/div>\n\t\t\t\t<\/div>\n\t\t\t\t\t<\/div>\n\t\t<\/div>\n\t\t\t\t\t<\/div>\n\t\t<\/section>\n\t\t\t\t<section class=\"elementor-section elementor-top-section elementor-element elementor-element-ec73b57 elementor-section-boxed elementor-section-height-default elementor-section-height-default\" data-id=\"ec73b57\" data-element_type=\"section\" data-e-type=\"section\">\n\t\t\t\t\t\t<div class=\"elementor-container elementor-column-gap-no\">\n\t\t\t\t\t<div class=\"elementor-column elementor-col-50 elementor-top-column elementor-element elementor-element-2a3771aa\" data-id=\"2a3771aa\" data-element_type=\"column\" data-e-type=\"column\">\n\t\t\t<div class=\"elementor-widget-wrap elementor-element-populated\">\n\t\t\t\t\t\t<div class=\"elementor-element elementor-element-24bfe6e7 elementor-widget elementor-widget-text-editor\" data-id=\"24bfe6e7\" data-element_type=\"widget\" data-e-type=\"widget\" data-widget_type=\"text-editor.default\">\n\t\t\t\t<div class=\"elementor-widget-container\">\n\t\t\t\t\t\t\t\t\t<p><span style=\"font-weight: 400;\">Br\u00fakranar sem lyfta 5 tonnum og meiru ur\u00f0u r\u00e9ttindaskyldar vinnuv\u00e9lar 1. okt\u00f3ber 2021. \u00deetta ger\u00f0ist me\u00f0 n\u00fdjum reglum sem eru n\u00famer 1116.<\/span><\/p><p><span style=\"font-weight: 400;\">Br\u00fakranar eru vinnuv\u00e9lar \u00ed skr\u00e1ningarflokki C hj\u00e1 Vinnueftirlitinu.\u00a0<\/span><\/p>\t\t\t\t\t\t\t\t<\/div>\n\t\t\t\t<\/div>\n\t\t\t\t<div class=\"elementor-element elementor-element-6abfb5c elementor-widget elementor-widget-heading\" data-id=\"6abfb5c\" data-element_type=\"widget\" data-e-type=\"widget\" data-widget_type=\"heading.default\">\n\t\t\t\t<div class=\"elementor-widget-container\">\n\t\t\t\t\t<h4 class=\"elementor-heading-title elementor-size-default\">Ver\u00f0 og uppl\u00fdsingar<\/h4>\t\t\t\t<\/div>\n\t\t\t\t<\/div>\n\t\t\t\t<div class=\"elementor-element elementor-element-60bb7ba elementor-widget elementor-widget-text-editor\" data-id=\"60bb7ba\" data-element_type=\"widget\" data-e-type=\"widget\" data-widget_type=\"text-editor.default\">\n\t\t\t\t<div class=\"elementor-widget-container\">\n\t\t\t\t\t\t\t\t\t<p><span style=\"font-weight: 400;\">N\u00e1mskei\u00f0i\u00f0 kostar <strong>29.900 kr<\/strong>. \u00e1 mann og gefinn er afsl\u00e1ttur fyrir h\u00f3pa. <\/span><\/p><p><span style=\"font-weight: 400;\">Innifalin eru \u00f6ll n\u00e1msg\u00f6gn, fyrirlestrar og pr\u00f3f.<\/span><\/p><p>N\u00e1mskei\u00f0 er einnig \u00ed bo\u00f0i \u00e1 ensku og p\u00f3lsku.<\/p><p>Smelli\u00f0 <a href=\"https:\/\/youtu.be\/oPaD9OX475M\" target=\"_blank\" rel=\"noopener\">h\u00e9r<\/a> til a\u00f0 sko\u00f0a fyrsta kaflann \u00e1 n\u00e1mskei\u00f0inu.<\/p>\t\t\t\t\t\t\t\t<\/div>\n\t\t\t\t<\/div>\n\t\t\t\t<div class=\"elementor-element elementor-element-52248c0 elementor-widget elementor-widget-spacer\" data-id=\"52248c0\" data-element_type=\"widget\" data-e-type=\"widget\" data-widget_type=\"spacer.default\">\n\t\t\t\t<div class=\"elementor-widget-container\">\n\t\t\t\t\t\t\t<div class=\"elementor-spacer\">\n\t\t\t<div class=\"elementor-spacer-inner\"><\/div>\n\t\t<\/div>\n\t\t\t\t\t\t<\/div>\n\t\t\t\t<\/div>\n\t\t\t\t<div class=\"elementor-element elementor-element-ba97001 elementor-mobile-align-justify elementor-align-justify elementor-widget elementor-widget-button\" data-id=\"ba97001\" data-element_type=\"widget\" data-e-type=\"widget\" data-widget_type=\"button.default\">\n\t\t\t\t<div class=\"elementor-widget-container\">\n\t\t\t\t\t\t\t\t\t<div class=\"elementor-button-wrapper\">\n\t\t\t\t\t<a class=\"elementor-button elementor-button-link elementor-size-sm\" href=\"https:\/\/vinnuverndarnamskeid.is\/index.php\/skraning-vinnuvelar\/\">\n\t\t\t\t\t\t<span class=\"elementor-button-content-wrapper\">\n\t\t\t\t\t\t\t\t\t<span class=\"elementor-button-text\">Skr\u00e1ning<\/span>\n\t\t\t\t\t<\/span>\n\t\t\t\t\t<\/a>\n\t\t\t\t<\/div>\n\t\t\t\t\t\t\t\t<\/div>\n\t\t\t\t<\/div>\n\t\t\t\t<div class=\"elementor-element elementor-element-6c0abc1 elementor-mobile-align-justify elementor-align-justify elementor-widget elementor-widget-button\" data-id=\"6c0abc1\" data-element_type=\"widget\" data-e-type=\"widget\" data-widget_type=\"button.default\">\n\t\t\t\t<div class=\"elementor-widget-container\">\n\t\t\t\t\t\t\t\t\t<div class=\"elementor-button-wrapper\">\n\t\t\t\t\t<a class=\"elementor-button elementor-button-link elementor-size-sm\" href=\"https:\/\/vinnuverndarnamskeid.is\/index.php\/skilyrdi-grunnnamskeids-vinnuvela\/\">\n\t\t\t\t\t\t<span class=\"elementor-button-content-wrapper\">\n\t\t\t\t\t\t\t\t\t<span class=\"elementor-button-text\">Skilyr\u00f0i Br\u00fakranan\u00e1mskei\u00f0s<\/span>\n\t\t\t\t\t<\/span>\n\t\t\t\t\t<\/a>\n\t\t\t\t<\/div>\n\t\t\t\t\t\t\t\t<\/div>\n\t\t\t\t<\/div>\n\t\t\t\t\t<\/div>\n\t\t<\/div>\n\t\t\t\t<div class=\"elementor-column elementor-col-50 elementor-top-column elementor-element elementor-element-7e562027\" data-id=\"7e562027\" data-element_type=\"column\" data-e-type=\"column\">\n\t\t\t<div class=\"elementor-widget-wrap elementor-element-populated\">\n\t\t\t\t\t\t<div class=\"elementor-element elementor-element-09c024a elementor-widget elementor-widget-heading\" data-id=\"09c024a\" data-element_type=\"widget\" data-e-type=\"widget\" data-widget_type=\"heading.default\">\n\t\t\t\t<div class=\"elementor-widget-container\">\n\t\t\t\t\t<h4 class=\"elementor-heading-title elementor-size-default\">Uppbygging n\u00e1mskei\u00f0sins:<\/h4>\t\t\t\t<\/div>\n\t\t\t\t<\/div>\n\t\t\t\t<div class=\"elementor-element elementor-element-7391daa elementor-widget elementor-widget-text-editor\" data-id=\"7391daa\" data-element_type=\"widget\" data-e-type=\"widget\" data-widget_type=\"text-editor.default\">\n\t\t\t\t<div class=\"elementor-widget-container\">\n\t\t\t\t\t\t\t\t\t<p><span style=\"font-weight: 400;\">Br\u00fakranan\u00e1mskei\u00f0 Vinnuverndarsk\u00f3lans er \u00ed <strong>100% fjarn\u00e1mi<\/strong>. \u00de\u00e1tttakendur horfa \u00e1 stutta fyrirlestra \u00ed t\u00f6lvu og taka tv\u00f6 krossapr\u00f3f. \u00dea\u00f0 er h\u00e6gt a\u00f0 byrja \u00e1 n\u00e1mskei\u00f0inu \u00feegar hver og einn vill og menn geta l\u00e6rt \u00feegar \u00feeir vilja. \u00dea\u00f0 m\u00e1 reikna me\u00f0 \u00fev\u00ed a\u00f0 \u00fea\u00f0 taki 3-4 klst. a\u00f0 kl\u00e1ra n\u00e1mskei\u00f0i\u00f0.\u00a0<\/span><\/p><p><strong>N\u00e1mskei\u00f0i\u00f0 skiptist \u00ed tvo hluta<\/strong>. Fyrri hlutinn fjallar um vinnuverndarl\u00f6g,\u00a0reglur og vinnuverndarstarf. Seinni hlutinn fjallar um uppbyggingu og notkun br\u00fakrana, stj\u00f3rnt\u00e6ki, h\u00edfiv\u00edr, \u00e1sl\u00e1ttarb\u00fana\u00f0 o.fl.<\/p><p>Flest st\u00e9ttarf\u00e9l\u00f6g, Virk, Rafmennt, I\u00f0an, Vinnum\u00e1lastofnun og \u00c1ttin veita styrki fyrir n\u00e1mskei\u00f0inu e\u00f0a hluta \u00feess.<\/p><p><strong>H\u00e6gt er a\u00f0 halda n\u00e1mskei\u00f0i\u00f0 fyrir einst\u00f6k fyrirt\u00e6ki eftir n\u00e1nara samkomulagi og a\u00f0laga \u00fea\u00f0 a\u00f0 vi\u00f0komandi starfsemi.<\/strong><\/p><p>\u00a0<\/p>\t\t\t\t\t\t\t\t<\/div>\n\t\t\t\t<\/div>\n\t\t\t\t\t<\/div>\n\t\t<\/div>\n\t\t\t\t\t<\/div>\n\t\t<\/section>\n\t\t\t\t<section class=\"elementor-section elementor-top-section elementor-element elementor-element-10884c6 ct-section-stretched elementor-section-full_width elementor-section-height-default elementor-section-height-default\" data-id=\"10884c6\" data-element_type=\"section\" data-e-type=\"section\" data-settings=\"{&quot;background_background&quot;:&quot;classic&quot;}\">\n\t\t\t\t\t\t\t<div class=\"elementor-background-overlay\"><\/div>\n\t\t\t\t\t\t\t<div class=\"elementor-container elementor-column-gap-default\">\n\t\t\t\t\t<div class=\"elementor-column elementor-col-100 elementor-top-column elementor-element elementor-element-5ec6f06b\" data-id=\"5ec6f06b\" data-element_type=\"column\" data-e-type=\"column\">\n\t\t\t<div class=\"elementor-widget-wrap elementor-element-populated\">\n\t\t\t\t\t\t<div class=\"elementor-element elementor-element-3e93b773 elementor-widget elementor-widget-heading\" data-id=\"3e93b773\" data-element_type=\"widget\" data-e-type=\"widget\" data-widget_type=\"heading.default\">\n\t\t\t\t<div class=\"elementor-widget-container\">\n\t\t\t\t\t<h2 class=\"elementor-heading-title elementor-size-large\">N\u00c1NARI UPPL\u00ddSINGAR<\/h2>\t\t\t\t<\/div>\n\t\t\t\t<\/div>\n\t\t\t\t<div class=\"elementor-element elementor-element-7ae28d33 elementor-widget elementor-widget-heading\" data-id=\"7ae28d33\" data-element_type=\"widget\" data-e-type=\"widget\" data-widget_type=\"heading.default\">\n\t\t\t\t<div class=\"elementor-widget-container\">\n\t\t\t\t\t<h2 class=\"elementor-heading-title elementor-size-large\">Gu\u00f0mundur: 897 01 33<\/h2>\t\t\t\t<\/div>\n\t\t\t\t<\/div>\n\t\t\t\t\t<\/div>\n\t\t<\/div>\n\t\t\t\t\t<\/div>\n\t\t<\/section>\n\t\t\t\t<\/div>\n\t\t","protected":false},"excerpt":{"rendered":"<p>Br\u00fakranan\u00e1mskei\u00f0 Br\u00fakranar sem lyfta 5 tonnum og meiru ur\u00f0u r\u00e9ttindaskyldar vinnuv\u00e9lar 1. okt\u00f3ber 2021. \u00deetta ger\u00f0ist me\u00f0 n\u00fdjum reglum sem eru n\u00famer 1116. Br\u00fakranar eru vinnuv\u00e9lar \u00ed skr\u00e1ningarflokki C hj\u00e1 Vinnueftirlitinu.\u00a0 Ver\u00f0 og uppl\u00fdsingar N\u00e1mskei\u00f0i\u00f0 kostar 29.900 kr. \u00e1 mann og gefinn er afsl\u00e1ttur fyrir h\u00f3pa. Innifalin eru \u00f6ll n\u00e1msg\u00f6gn, fyrirlestrar og pr\u00f3f. N\u00e1mskei\u00f0 er [&hellip;]<\/p>\n","protected":false},"author":1,"featured_media":0,"parent":0,"menu_order":0,"comment_status":"closed","ping_status":"closed","template":"","meta":{"footnotes":""},"class_list":["post-848","page","type-page","status-publish","hentry"],"blocksy_meta":{"styles_descriptor":{"styles":{"desktop":"","tablet":"","mobile":""},"google_fonts":[],"version":6}},"_links":{"self":[{"href":"https:\/\/vinnuverndarnamskeid.is\/index.php\/wp-json\/wp\/v2\/pages\/848","targetHints":{"allow":["GET"]}}],"collection":[{"href":"https:\/\/vinnuverndarnamskeid.is\/index.php\/wp-json\/wp\/v2\/pages"}],"about":[{"href":"https:\/\/vinnuverndarnamskeid.is\/index.php\/wp-json\/wp\/v2\/types\/page"}],"author":[{"embeddable":true,"href":"https:\/\/vinnuverndarnamskeid.is\/index.php\/wp-json\/wp\/v2\/users\/1"}],"replies":[{"embeddable":true,"href":"https:\/\/vinnuverndarnamskeid.is\/index.php\/wp-json\/wp\/v2\/comments?post=848"}],"version-history":[{"count":117,"href":"https:\/\/vinnuverndarnamskeid.is\/index.php\/wp-json\/wp\/v2\/pages\/848\/revisions"}],"predecessor-version":[{"id":6956,"href":"https:\/\/vinnuverndarnamskeid.is\/index.php\/wp-json\/wp\/v2\/pages\/848\/revisions\/6956"}],"wp:attachment":[{"href":"https:\/\/vinnuverndarnamskeid.is\/index.php\/wp-json\/wp\/v2\/media?parent=848"}],"curies":[{"name":"wp","href":"https:\/\/api.w.org\/{rel}","templated":true}]}}